{"id":5274,"date":"2025-11-18T14:39:59","date_gmt":"2025-11-18T14:39:59","guid":{"rendered":"https:\/\/limunstudio.hr\/?post_type=product&#038;p=5274"},"modified":"2026-04-11T21:15:27","modified_gmt":"2026-04-11T21:15:27","slug":"keramicki-kucni-broj-4","status":"publish","type":"product","link":"https:\/\/limunstudio.hr\/en\/product\/keramicki-kucni-broj-4\/","title":{"rendered":"Kerami\u010dki ku\u0107ni broj \u2014 4"},"content":{"rendered":"<p>Jednoznamenkasti broj se sastoji od tri plo\u010dice, dva ruba i jednoga broja,<br \/>\nDvoznamenkasti broj se sastoji od \u010detiri plo\u010dice, dva ruba i dva broja,<br \/>\nTroznamenkasti broj se sastoji od pet plo\u010dica, dva ruba i tri broja.<\/p>\n<p>&nbsp;<\/p>","protected":false},"excerpt":{"rendered":"<p>Unikatni kerami\u010dki ku\u0107ni brojevi. Ru\u010dni rad hrvatskog kipara. Jednostavna monta\u017ea. Dimenzije jedne plo\u010dice su 6.5 x 14.5 cm<\/p>","protected":false},"featured_media":9563,"template":"","meta":{"_seopress_robots_primary_cat":"none","_seopress_titles_title":"","_seopress_titles_desc":"","_seopress_robots_index":"","iawp_total_views":1},"product_brand":[301],"product_cat":[148,176],"product_tag":[],"class_list":{"0":"post-5274","1":"product","2":"type-product","3":"status-publish","4":"has-post-thumbnail","6":"product_brand-mak","7":"product_cat-dom","8":"product_cat-kucni-brojevi","10":"first","11":"instock","12":"taxable","13":"shipping-taxable","14":"purchasable","15":"product-type-simple"},"_links":{"self":[{"href":"https:\/\/limunstudio.hr\/en\/wp-json\/wp\/v2\/product\/5274","targetHints":{"allow":["GET"]}}],"collection":[{"href":"https:\/\/limunstudio.hr\/en\/wp-json\/wp\/v2\/product"}],"about":[{"href":"https:\/\/limunstudio.hr\/en\/wp-json\/wp\/v2\/types\/product"}],"version-history":[{"count":3,"href":"https:\/\/limunstudio.hr\/en\/wp-json\/wp\/v2\/product\/5274\/revisions"}],"predecessor-version":[{"id":12697,"href":"https:\/\/limunstudio.hr\/en\/wp-json\/wp\/v2\/product\/5274\/revisions\/12697"}],"wp:featuredmedia":[{"embeddable":true,"href":"https:\/\/limunstudio.hr\/en\/wp-json\/wp\/v2\/media\/9563"}],"wp:attachment":[{"href":"https:\/\/limunstudio.hr\/en\/wp-json\/wp\/v2\/media?parent=5274"}],"wp:term":[{"taxonomy":"product_brand","embeddable":true,"href":"https:\/\/limunstudio.hr\/en\/wp-json\/wp\/v2\/product_brand?post=5274"},{"taxonomy":"product_cat","embeddable":true,"href":"https:\/\/limunstudio.hr\/en\/wp-json\/wp\/v2\/product_cat?post=5274"},{"taxonomy":"product_tag","embeddable":true,"href":"https:\/\/limunstudio.hr\/en\/wp-json\/wp\/v2\/product_tag?post=5274"}],"curies":[{"name":"wp","href":"https:\/\/api.w.org\/{rel}","templated":true}]}}