{"id":5261,"date":"2025-11-18T14:26:33","date_gmt":"2025-11-18T14:26:33","guid":{"rendered":"https:\/\/limunstudio.hr\/?post_type=product&#038;p=5261"},"modified":"2026-04-20T15:18:41","modified_gmt":"2026-04-20T15:18:41","slug":"karte-za-parove","status":"publish","type":"product","link":"https:\/\/limunstudio.hr\/en\/product\/karte-za-parove\/","title":{"rendered":"Karte za parove"},"content":{"rendered":"","protected":false},"excerpt":{"rendered":"<p data-start=\"650\" data-end=\"897\">Karte za parove osmi\u0161ljene su kako bi potaknule iskrene razgovore i dublju povezanost izme\u0111u partnera. Ova igra pretvara svakodnevni razgovor u zanimljivo iskustvo koje poma\u017ee partnerima da se bolje razumiju, pove\u017eu i stvore nove zajedni\u010dke uspomene. U \u0161pilu se nalazi <strong data-start=\"918\" data-end=\"931\">50 karata<\/strong>: 36 karata s pitanjima koja poti\u010du razgovor i me\u0111usobno upoznavanje i 14 posebnih karata koje donose dodatna pravila i iznena\u0111enja u igri.<\/p>","protected":false},"featured_media":10893,"template":"","meta":{"_seopress_robots_primary_cat":"none","_seopress_titles_title":"","_seopress_titles_desc":"","_seopress_robots_index":"","iawp_total_views":0},"product_brand":[366],"product_cat":[124,119],"product_tag":[],"class_list":{"0":"post-5261","1":"product","2":"type-product","3":"status-publish","4":"has-post-thumbnail","6":"product_brand-agape","7":"product_cat-drustvene-igre","8":"product_cat-zabava","10":"first","11":"instock","12":"taxable","13":"shipping-taxable","14":"purchasable","15":"product-type-simple"},"_links":{"self":[{"href":"https:\/\/limunstudio.hr\/en\/wp-json\/wp\/v2\/product\/5261","targetHints":{"allow":["GET"]}}],"collection":[{"href":"https:\/\/limunstudio.hr\/en\/wp-json\/wp\/v2\/product"}],"about":[{"href":"https:\/\/limunstudio.hr\/en\/wp-json\/wp\/v2\/types\/product"}],"version-history":[{"count":2,"href":"https:\/\/limunstudio.hr\/en\/wp-json\/wp\/v2\/product\/5261\/revisions"}],"predecessor-version":[{"id":10653,"href":"https:\/\/limunstudio.hr\/en\/wp-json\/wp\/v2\/product\/5261\/revisions\/10653"}],"wp:featuredmedia":[{"embeddable":true,"href":"https:\/\/limunstudio.hr\/en\/wp-json\/wp\/v2\/media\/10893"}],"wp:attachment":[{"href":"https:\/\/limunstudio.hr\/en\/wp-json\/wp\/v2\/media?parent=5261"}],"wp:term":[{"taxonomy":"product_brand","embeddable":true,"href":"https:\/\/limunstudio.hr\/en\/wp-json\/wp\/v2\/product_brand?post=5261"},{"taxonomy":"product_cat","embeddable":true,"href":"https:\/\/limunstudio.hr\/en\/wp-json\/wp\/v2\/product_cat?post=5261"},{"taxonomy":"product_tag","embeddable":true,"href":"https:\/\/limunstudio.hr\/en\/wp-json\/wp\/v2\/product_tag?post=5261"}],"curies":[{"name":"wp","href":"https:\/\/api.w.org\/{rel}","templated":true}]}}