{"id":5259,"date":"2025-11-18T14:26:28","date_gmt":"2025-11-18T14:26:28","guid":{"rendered":"https:\/\/limunstudio.hr\/?post_type=product&#038;p=5259"},"modified":"2026-04-20T15:19:07","modified_gmt":"2026-04-20T15:19:07","slug":"karte-za-prijatelje","status":"publish","type":"product","link":"https:\/\/limunstudio.hr\/en\/product\/karte-za-prijatelje\/","title":{"rendered":"Karte za prijatelje"},"content":{"rendered":"","protected":false},"excerpt":{"rendered":"<p data-start=\"1316\" data-end=\"1552\">Karte za prijatelje zabavna su dru\u0161tvena igra koja poti\u010de razgovor, smijeh i bolje upoznavanje me\u0111u prijateljima. Kroz razli\u010dita pitanja igra otvara zanimljive teme, poti\u010de iskrene odgovore i stvara opu\u0161tenu atmosferu u dru\u0161tvu. Savr\u0161ene su za dru\u017eenja, ve\u010deri s prijateljima ili kao originalan poklon koji spaja ljude i stvara nezaboravne trenutke.\u00a0 Igra se sastoji od 29 obi\u010dnih i 9 magi\u010dnih karata.<\/p>","protected":false},"featured_media":10802,"template":"","meta":{"_seopress_robots_primary_cat":"none","_seopress_titles_title":"","_seopress_titles_desc":"","_seopress_robots_index":"","iawp_total_views":0},"product_brand":[366],"product_cat":[124,119],"product_tag":[],"class_list":{"0":"post-5259","1":"product","2":"type-product","3":"status-publish","4":"has-post-thumbnail","6":"product_brand-agape","7":"product_cat-drustvene-igre","8":"product_cat-zabava","10":"first","11":"instock","12":"taxable","13":"shipping-taxable","14":"purchasable","15":"product-type-simple"},"_links":{"self":[{"href":"https:\/\/limunstudio.hr\/en\/wp-json\/wp\/v2\/product\/5259","targetHints":{"allow":["GET"]}}],"collection":[{"href":"https:\/\/limunstudio.hr\/en\/wp-json\/wp\/v2\/product"}],"about":[{"href":"https:\/\/limunstudio.hr\/en\/wp-json\/wp\/v2\/types\/product"}],"version-history":[{"count":2,"href":"https:\/\/limunstudio.hr\/en\/wp-json\/wp\/v2\/product\/5259\/revisions"}],"predecessor-version":[{"id":10654,"href":"https:\/\/limunstudio.hr\/en\/wp-json\/wp\/v2\/product\/5259\/revisions\/10654"}],"wp:featuredmedia":[{"embeddable":true,"href":"https:\/\/limunstudio.hr\/en\/wp-json\/wp\/v2\/media\/10802"}],"wp:attachment":[{"href":"https:\/\/limunstudio.hr\/en\/wp-json\/wp\/v2\/media?parent=5259"}],"wp:term":[{"taxonomy":"product_brand","embeddable":true,"href":"https:\/\/limunstudio.hr\/en\/wp-json\/wp\/v2\/product_brand?post=5259"},{"taxonomy":"product_cat","embeddable":true,"href":"https:\/\/limunstudio.hr\/en\/wp-json\/wp\/v2\/product_cat?post=5259"},{"taxonomy":"product_tag","embeddable":true,"href":"https:\/\/limunstudio.hr\/en\/wp-json\/wp\/v2\/product_tag?post=5259"}],"curies":[{"name":"wp","href":"https:\/\/api.w.org\/{rel}","templated":true}]}}