{"id":5164,"date":"2025-11-18T13:52:49","date_gmt":"2025-11-18T13:52:49","guid":{"rendered":"https:\/\/limunstudio.hr\/?post_type=product&#038;p=5164"},"modified":"2026-03-13T13:41:06","modified_gmt":"2026-03-13T13:41:06","slug":"cestitka-citat-za-prvu-svetu-pricest","status":"publish","type":"product","link":"https:\/\/limunstudio.hr\/en\/product\/cestitka-citat-za-prvu-svetu-pricest\/","title":{"rendered":"\u010cestitka \u2014 Citat za Prvu svetu pri\u010dest"},"content":{"rendered":"","protected":false},"excerpt":{"rendered":"<p>Posebne \u010destitke za (ne)posebne prigode. Modernog i razigranog dizajna, izra\u0111ene u Hrvatskoj. Mala gesta, veliki osmijeh.<\/p>","protected":false},"featured_media":5375,"template":"","meta":{"_seopress_robots_primary_cat":"none","_seopress_titles_title":"","_seopress_titles_desc":"","_seopress_robots_index":"","iawp_total_views":0},"product_brand":[362],"product_cat":[195,277,149],"product_tag":[],"class_list":{"0":"post-5164","1":"product","2":"type-product","3":"status-publish","4":"has-post-thumbnail","6":"product_brand-mige","7":"product_cat-cestitke","8":"product_cat-cestitke-za-sakramente","9":"product_cat-papir","11":"first","12":"instock","13":"taxable","14":"shipping-taxable","15":"purchasable","16":"product-type-simple"},"_links":{"self":[{"href":"https:\/\/limunstudio.hr\/en\/wp-json\/wp\/v2\/product\/5164","targetHints":{"allow":["GET"]}}],"collection":[{"href":"https:\/\/limunstudio.hr\/en\/wp-json\/wp\/v2\/product"}],"about":[{"href":"https:\/\/limunstudio.hr\/en\/wp-json\/wp\/v2\/types\/product"}],"version-history":[{"count":2,"href":"https:\/\/limunstudio.hr\/en\/wp-json\/wp\/v2\/product\/5164\/revisions"}],"predecessor-version":[{"id":10626,"href":"https:\/\/limunstudio.hr\/en\/wp-json\/wp\/v2\/product\/5164\/revisions\/10626"}],"wp:featuredmedia":[{"embeddable":true,"href":"https:\/\/limunstudio.hr\/en\/wp-json\/wp\/v2\/media\/5375"}],"wp:attachment":[{"href":"https:\/\/limunstudio.hr\/en\/wp-json\/wp\/v2\/media?parent=5164"}],"wp:term":[{"taxonomy":"product_brand","embeddable":true,"href":"https:\/\/limunstudio.hr\/en\/wp-json\/wp\/v2\/product_brand?post=5164"},{"taxonomy":"product_cat","embeddable":true,"href":"https:\/\/limunstudio.hr\/en\/wp-json\/wp\/v2\/product_cat?post=5164"},{"taxonomy":"product_tag","embeddable":true,"href":"https:\/\/limunstudio.hr\/en\/wp-json\/wp\/v2\/product_tag?post=5164"}],"curies":[{"name":"wp","href":"https:\/\/api.w.org\/{rel}","templated":true}]}}