{"id":5075,"date":"2025-11-18T11:50:05","date_gmt":"2025-11-18T11:50:05","guid":{"rendered":"https:\/\/limunstudio.hr\/?post_type=product&#038;p=5075"},"modified":"2026-04-23T21:37:54","modified_gmt":"2026-04-23T19:37:54","slug":"majica-dugi-rukav-bazen","status":"publish","type":"product","link":"https:\/\/limunstudio.hr\/en\/product\/majica-dugi-rukav-bazen\/","title":{"rendered":"Majica dugi rukav \u2014 Bazen"},"content":{"rendered":"","protected":false},"excerpt":{"rendered":"<p>Unisex pamu\u010dna majica s okruglim izrezom i modernim, srednje velikim krojem. Udobna, kvalitetna i idealna za svakodnevno no\u0161enje. Dizajnirana u Hrvatskoj i izra\u0111ena od visokokvalitetnog 100 % organskog pamuka. Unutra\u0161njost je \u010detkana za ugodan osje\u0107aj. Digitalni tisak izvana. Kvalitetna izrada s dvostrukim \u0161avovima na otvorima za ruke i rubovima.<\/p>","protected":false},"featured_media":11208,"template":"","meta":{"_seopress_robots_primary_cat":"none","_seopress_titles_title":"","_seopress_titles_desc":"","_seopress_robots_index":"","iawp_total_views":1},"product_brand":[73],"product_cat":[130,128],"product_tag":[],"class_list":{"0":"post-5075","1":"product","2":"type-product","3":"status-publish","4":"has-post-thumbnail","6":"product_brand-mmyh","7":"product_cat-majice-dugi-rukav","8":"product_cat-odjeca","10":"first","11":"instock","12":"taxable","13":"shipping-taxable","14":"purchasable","15":"product-type-variable"},"_links":{"self":[{"href":"https:\/\/limunstudio.hr\/en\/wp-json\/wp\/v2\/product\/5075","targetHints":{"allow":["GET"]}}],"collection":[{"href":"https:\/\/limunstudio.hr\/en\/wp-json\/wp\/v2\/product"}],"about":[{"href":"https:\/\/limunstudio.hr\/en\/wp-json\/wp\/v2\/types\/product"}],"version-history":[{"count":3,"href":"https:\/\/limunstudio.hr\/en\/wp-json\/wp\/v2\/product\/5075\/revisions"}],"predecessor-version":[{"id":12500,"href":"https:\/\/limunstudio.hr\/en\/wp-json\/wp\/v2\/product\/5075\/revisions\/12500"}],"wp:featuredmedia":[{"embeddable":true,"href":"https:\/\/limunstudio.hr\/en\/wp-json\/wp\/v2\/media\/11208"}],"wp:attachment":[{"href":"https:\/\/limunstudio.hr\/en\/wp-json\/wp\/v2\/media?parent=5075"}],"wp:term":[{"taxonomy":"product_brand","embeddable":true,"href":"https:\/\/limunstudio.hr\/en\/wp-json\/wp\/v2\/product_brand?post=5075"},{"taxonomy":"product_cat","embeddable":true,"href":"https:\/\/limunstudio.hr\/en\/wp-json\/wp\/v2\/product_cat?post=5075"},{"taxonomy":"product_tag","embeddable":true,"href":"https:\/\/limunstudio.hr\/en\/wp-json\/wp\/v2\/product_tag?post=5075"}],"curies":[{"name":"wp","href":"https:\/\/api.w.org\/{rel}","templated":true}]}}