{"id":4999,"date":"2025-11-18T11:23:08","date_gmt":"2025-11-18T11:23:08","guid":{"rendered":"https:\/\/limunstudio.hr\/?post_type=product&#038;p=4999"},"modified":"2026-04-24T11:33:30","modified_gmt":"2026-04-24T09:33:30","slug":"omot-od-pcelinjeg-voska-set-razne-velicine","status":"publish","type":"product","link":"https:\/\/limunstudio.hr\/en\/product\/omot-od-pcelinjeg-voska-set-razne-velicine\/","title":{"rendered":"Omot od p\u010delinjeg voska \u2014 set od 3"},"content":{"rendered":"","protected":false},"excerpt":{"rendered":"<p>Set \u010dine tri veli\u010dine: 15x15cm, 20x20cm i 25x25cm. Omoti \u010duvaju svje\u017einu namirnica, prijanjaju uz posu\u0111e, sir, vo\u0107e, povr\u0107e, sendivi\u010de. Ne dr\u017eati na toplim namirnicama i dr\u017eati dalje od izvora topline. Prati hladnom vodom. Sastav: pamu\u010dna tkanina, p\u010delinji vosak, borova smola i jojobino ulje. Mo\u017ee izazvati alergijsku reakciju.<\/p>","protected":false},"featured_media":14278,"template":"","meta":{"_seopress_robots_primary_cat":"none","_seopress_titles_title":"","_seopress_titles_desc":"","_seopress_robots_index":"","iawp_total_views":0},"product_brand":[339],"product_cat":[155,171],"product_tag":[],"class_list":{"0":"post-4999","1":"product","2":"type-product","3":"status-publish","4":"has-post-thumbnail","6":"product_brand-bee-omot","7":"product_cat-kuhinja","8":"product_cat-omoti-od-voska","10":"first","11":"instock","12":"taxable","13":"shipping-taxable","14":"purchasable","15":"product-type-variable"},"_links":{"self":[{"href":"https:\/\/limunstudio.hr\/en\/wp-json\/wp\/v2\/product\/4999","targetHints":{"allow":["GET"]}}],"collection":[{"href":"https:\/\/limunstudio.hr\/en\/wp-json\/wp\/v2\/product"}],"about":[{"href":"https:\/\/limunstudio.hr\/en\/wp-json\/wp\/v2\/types\/product"}],"version-history":[{"count":5,"href":"https:\/\/limunstudio.hr\/en\/wp-json\/wp\/v2\/product\/4999\/revisions"}],"predecessor-version":[{"id":12739,"href":"https:\/\/limunstudio.hr\/en\/wp-json\/wp\/v2\/product\/4999\/revisions\/12739"}],"wp:featuredmedia":[{"embeddable":true,"href":"https:\/\/limunstudio.hr\/en\/wp-json\/wp\/v2\/media\/14278"}],"wp:attachment":[{"href":"https:\/\/limunstudio.hr\/en\/wp-json\/wp\/v2\/media?parent=4999"}],"wp:term":[{"taxonomy":"product_brand","embeddable":true,"href":"https:\/\/limunstudio.hr\/en\/wp-json\/wp\/v2\/product_brand?post=4999"},{"taxonomy":"product_cat","embeddable":true,"href":"https:\/\/limunstudio.hr\/en\/wp-json\/wp\/v2\/product_cat?post=4999"},{"taxonomy":"product_tag","embeddable":true,"href":"https:\/\/limunstudio.hr\/en\/wp-json\/wp\/v2\/product_tag?post=4999"}],"curies":[{"name":"wp","href":"https:\/\/api.w.org\/{rel}","templated":true}]}}