{"id":4935,"date":"2025-11-18T09:40:47","date_gmt":"2025-11-18T09:40:47","guid":{"rendered":"https:\/\/limunstudio.hr\/?post_type=product&#038;p=4935"},"modified":"2026-04-08T07:02:10","modified_gmt":"2026-04-08T07:02:10","slug":"mirisna-svijeca-palo-santo","status":"publish","type":"product","link":"https:\/\/limunstudio.hr\/en\/product\/mirisna-svijeca-palo-santo\/","title":{"rendered":"Mirisna svije\u0107a \u2014 PALO SANTO"},"content":{"rendered":"<p>Bitter Sweet Melody \u2014 kava, karamela<br \/>\nMisty Forest \u2014 bor, sandalovina, cedar<br \/>\nOrient Express \u2014 jantar, mo\u0161us, vanilija<br \/>\nHoneybee \u2014 med, listovi duhana<br \/>\nNamaste \u2014 crni papar, pa\u010duli<br \/>\nEveryday story\u00a0 \u2014 glog, vanilija<br \/>\nYellow submarine \u2014 limun, korica citrusa<br \/>\nPalo santo \u2014 jantar, mo\u0161us, mira (sli\u010dna tamjanu)<br \/>\nSo fresh, so clean \u2014 bijeli mo\u0161us, cvjetovi pamuka<br \/>\nPurple Rain \u2014 bo\u017eur, jorgovan<\/p>","protected":false},"excerpt":{"rendered":"<p>Palo santo \u2014 jantar, mo\u0161us, mira. Eco-friendly. Ru\u010dno ra\u0111ene svije\u0107e od sojing voska. U opisu se nalaze svi mirisi radi lak\u0161e pretrage.<\/p>","protected":false},"featured_media":9723,"template":"","meta":{"_seopress_robots_primary_cat":"none","_seopress_titles_title":"","_seopress_titles_desc":"","_seopress_robots_index":"","iawp_total_views":0},"product_brand":[355],"product_cat":[180,157],"product_tag":[],"class_list":{"0":"post-4935","1":"product","2":"type-product","3":"status-publish","4":"has-post-thumbnail","6":"product_brand-niani","7":"product_cat-mirisne-svijece","8":"product_cat-svijece-i-mirisi","10":"first","11":"instock","12":"taxable","13":"shipping-taxable","14":"purchasable","15":"product-type-variable"},"_links":{"self":[{"href":"https:\/\/limunstudio.hr\/en\/wp-json\/wp\/v2\/product\/4935","targetHints":{"allow":["GET"]}}],"collection":[{"href":"https:\/\/limunstudio.hr\/en\/wp-json\/wp\/v2\/product"}],"about":[{"href":"https:\/\/limunstudio.hr\/en\/wp-json\/wp\/v2\/types\/product"}],"version-history":[{"count":3,"href":"https:\/\/limunstudio.hr\/en\/wp-json\/wp\/v2\/product\/4935\/revisions"}],"predecessor-version":[{"id":13525,"href":"https:\/\/limunstudio.hr\/en\/wp-json\/wp\/v2\/product\/4935\/revisions\/13525"}],"wp:featuredmedia":[{"embeddable":true,"href":"https:\/\/limunstudio.hr\/en\/wp-json\/wp\/v2\/media\/9723"}],"wp:attachment":[{"href":"https:\/\/limunstudio.hr\/en\/wp-json\/wp\/v2\/media?parent=4935"}],"wp:term":[{"taxonomy":"product_brand","embeddable":true,"href":"https:\/\/limunstudio.hr\/en\/wp-json\/wp\/v2\/product_brand?post=4935"},{"taxonomy":"product_cat","embeddable":true,"href":"https:\/\/limunstudio.hr\/en\/wp-json\/wp\/v2\/product_cat?post=4935"},{"taxonomy":"product_tag","embeddable":true,"href":"https:\/\/limunstudio.hr\/en\/wp-json\/wp\/v2\/product_tag?post=4935"}],"curies":[{"name":"wp","href":"https:\/\/api.w.org\/{rel}","templated":true}]}}