{"id":4833,"date":"2025-11-17T16:26:13","date_gmt":"2025-11-17T16:26:13","guid":{"rendered":"https:\/\/limunstudio.hr\/?post_type=product&#038;p=4833"},"modified":"2026-04-09T09:36:37","modified_gmt":"2026-04-09T09:36:37","slug":"kuhinjska-krpa-zagrebline","status":"publish","type":"product","link":"https:\/\/limunstudio.hr\/en\/product\/kuhinjska-krpa-zagrebline\/","title":{"rendered":"Kuhinjska krpa \u2014 Zagreb ru\u010dak"},"content":{"rendered":"","protected":false},"excerpt":{"rendered":"<p>Kuhinjska krpa iz na\u0161e autenti\u010dne Zagreb Linke kolekcije izra\u0111ena je od 100 % kvalitetnog pamuka. Zahvaljuju\u0107i \u010dvrstom tkanju, krpa je deblja, izdr\u017eljivija i vrlo dobro upija vlagu. Otisnuta digitalnim tiskom \u0161to je \u010dini pouzdanim izborom za svakodnevnu upotrebu u kuhinji.<\/p>","protected":false},"featured_media":10731,"template":"","meta":{"_seopress_robots_primary_cat":"none","_seopress_titles_title":"","_seopress_titles_desc":"","_seopress_robots_index":"","iawp_total_views":0},"product_brand":[342],"product_cat":[131,127],"product_tag":[],"class_list":{"0":"post-4833","1":"product","2":"type-product","3":"status-publish","4":"has-post-thumbnail","6":"product_brand-limun-design","7":"product_cat-dodaci","8":"product_cat-moda","10":"first","11":"instock","12":"taxable","13":"shipping-taxable","14":"purchasable","15":"product-type-simple"},"_links":{"self":[{"href":"https:\/\/limunstudio.hr\/en\/wp-json\/wp\/v2\/product\/4833","targetHints":{"allow":["GET"]}}],"collection":[{"href":"https:\/\/limunstudio.hr\/en\/wp-json\/wp\/v2\/product"}],"about":[{"href":"https:\/\/limunstudio.hr\/en\/wp-json\/wp\/v2\/types\/product"}],"version-history":[{"count":3,"href":"https:\/\/limunstudio.hr\/en\/wp-json\/wp\/v2\/product\/4833\/revisions"}],"predecessor-version":[{"id":13719,"href":"https:\/\/limunstudio.hr\/en\/wp-json\/wp\/v2\/product\/4833\/revisions\/13719"}],"wp:featuredmedia":[{"embeddable":true,"href":"https:\/\/limunstudio.hr\/en\/wp-json\/wp\/v2\/media\/10731"}],"wp:attachment":[{"href":"https:\/\/limunstudio.hr\/en\/wp-json\/wp\/v2\/media?parent=4833"}],"wp:term":[{"taxonomy":"product_brand","embeddable":true,"href":"https:\/\/limunstudio.hr\/en\/wp-json\/wp\/v2\/product_brand?post=4833"},{"taxonomy":"product_cat","embeddable":true,"href":"https:\/\/limunstudio.hr\/en\/wp-json\/wp\/v2\/product_cat?post=4833"},{"taxonomy":"product_tag","embeddable":true,"href":"https:\/\/limunstudio.hr\/en\/wp-json\/wp\/v2\/product_tag?post=4833"}],"curies":[{"name":"wp","href":"https:\/\/api.w.org\/{rel}","templated":true}]}}