{"id":4829,"date":"2025-11-17T16:25:40","date_gmt":"2025-11-17T16:25:40","guid":{"rendered":"https:\/\/limunstudio.hr\/?post_type=product&#038;p=4829"},"modified":"2026-04-22T06:38:31","modified_gmt":"2026-04-22T06:38:31","slug":"kuhinjska-krpa-licitar","status":"publish","type":"product","link":"https:\/\/limunstudio.hr\/en\/product\/kuhinjska-krpa-licitar\/","title":{"rendered":"Kuhinjska krpa \u2014 Licitar"},"content":{"rendered":"","protected":false},"excerpt":{"rendered":"<p>Kuhinjska krpa iz na\u0161e autenti\u010dne Zagreb Linke kolekcije izra\u0111ena je od 100 % kvalitetnog pamuka. Zahvaljuju\u0107i \u010dvrstom tkanju, krpa je deblja, izdr\u017eljivija i vrlo dobro upija vlagu. Otisnuta digitalnim tiskom \u0161to je \u010dini pouzdanim izborom za svakodnevnu upotrebu u kuhinji.<\/p>","protected":false},"featured_media":10730,"template":"","meta":{"_seopress_robots_primary_cat":"none","_seopress_titles_title":"","_seopress_titles_desc":"","_seopress_robots_index":"","iawp_total_views":0},"product_brand":[342],"product_cat":[131,127],"product_tag":[],"class_list":{"0":"post-4829","1":"product","2":"type-product","3":"status-publish","4":"has-post-thumbnail","6":"product_brand-limun-design","7":"product_cat-dodaci","8":"product_cat-moda","10":"first","11":"instock","12":"taxable","13":"shipping-taxable","14":"purchasable","15":"product-type-simple"},"_links":{"self":[{"href":"https:\/\/limunstudio.hr\/en\/wp-json\/wp\/v2\/product\/4829","targetHints":{"allow":["GET"]}}],"collection":[{"href":"https:\/\/limunstudio.hr\/en\/wp-json\/wp\/v2\/product"}],"about":[{"href":"https:\/\/limunstudio.hr\/en\/wp-json\/wp\/v2\/types\/product"}],"version-history":[{"count":2,"href":"https:\/\/limunstudio.hr\/en\/wp-json\/wp\/v2\/product\/4829\/revisions"}],"predecessor-version":[{"id":10736,"href":"https:\/\/limunstudio.hr\/en\/wp-json\/wp\/v2\/product\/4829\/revisions\/10736"}],"wp:featuredmedia":[{"embeddable":true,"href":"https:\/\/limunstudio.hr\/en\/wp-json\/wp\/v2\/media\/10730"}],"wp:attachment":[{"href":"https:\/\/limunstudio.hr\/en\/wp-json\/wp\/v2\/media?parent=4829"}],"wp:term":[{"taxonomy":"product_brand","embeddable":true,"href":"https:\/\/limunstudio.hr\/en\/wp-json\/wp\/v2\/product_brand?post=4829"},{"taxonomy":"product_cat","embeddable":true,"href":"https:\/\/limunstudio.hr\/en\/wp-json\/wp\/v2\/product_cat?post=4829"},{"taxonomy":"product_tag","embeddable":true,"href":"https:\/\/limunstudio.hr\/en\/wp-json\/wp\/v2\/product_tag?post=4829"}],"curies":[{"name":"wp","href":"https:\/\/api.w.org\/{rel}","templated":true}]}}