{"id":4822,"date":"2025-11-17T16:24:19","date_gmt":"2025-11-17T16:24:19","guid":{"rendered":"https:\/\/limunstudio.hr\/?post_type=product&#038;p=4822"},"modified":"2026-04-22T09:11:29","modified_gmt":"2026-04-22T09:11:29","slug":"bozicna-krpa","status":"publish","type":"product","link":"https:\/\/limunstudio.hr\/en\/product\/bozicna-krpa\/","title":{"rendered":"Kuhinjska krpa \u2014 Karusel"},"content":{"rendered":"","protected":false},"excerpt":{"rendered":"<p>Kuhinjska krpa izra\u0111ena je od 100 % kvalitetnog pamuka. Otisnuta digitalnim tiskom \u0161to je \u010dini pouzdanim izborom za svakodnevnu upotrebu u kuhinji. Proizvedeno u Hrvatskoj.<\/p>","protected":false},"featured_media":10249,"template":"","meta":{"_seopress_robots_primary_cat":"none","_seopress_titles_title":"","_seopress_titles_desc":"","_seopress_robots_index":"","iawp_total_views":0},"product_brand":[73],"product_cat":[214,131,127],"product_tag":[],"class_list":{"0":"post-4822","1":"product","2":"type-product","3":"status-publish","4":"has-post-thumbnail","6":"product_brand-mmyh","7":"product_cat-bozicni-tekstil","8":"product_cat-dodaci","9":"product_cat-moda","11":"first","12":"instock","13":"taxable","14":"shipping-taxable","15":"purchasable","16":"product-type-simple"},"_links":{"self":[{"href":"https:\/\/limunstudio.hr\/en\/wp-json\/wp\/v2\/product\/4822","targetHints":{"allow":["GET"]}}],"collection":[{"href":"https:\/\/limunstudio.hr\/en\/wp-json\/wp\/v2\/product"}],"about":[{"href":"https:\/\/limunstudio.hr\/en\/wp-json\/wp\/v2\/types\/product"}],"version-history":[{"count":7,"href":"https:\/\/limunstudio.hr\/en\/wp-json\/wp\/v2\/product\/4822\/revisions"}],"predecessor-version":[{"id":13602,"href":"https:\/\/limunstudio.hr\/en\/wp-json\/wp\/v2\/product\/4822\/revisions\/13602"}],"wp:featuredmedia":[{"embeddable":true,"href":"https:\/\/limunstudio.hr\/en\/wp-json\/wp\/v2\/media\/10249"}],"wp:attachment":[{"href":"https:\/\/limunstudio.hr\/en\/wp-json\/wp\/v2\/media?parent=4822"}],"wp:term":[{"taxonomy":"product_brand","embeddable":true,"href":"https:\/\/limunstudio.hr\/en\/wp-json\/wp\/v2\/product_brand?post=4822"},{"taxonomy":"product_cat","embeddable":true,"href":"https:\/\/limunstudio.hr\/en\/wp-json\/wp\/v2\/product_cat?post=4822"},{"taxonomy":"product_tag","embeddable":true,"href":"https:\/\/limunstudio.hr\/en\/wp-json\/wp\/v2\/product_tag?post=4822"}],"curies":[{"name":"wp","href":"https:\/\/api.w.org\/{rel}","templated":true}]}}