{"id":4815,"date":"2025-11-17T16:22:04","date_gmt":"2025-11-17T16:22:04","guid":{"rendered":"https:\/\/limunstudio.hr\/?post_type=product&#038;p=4815"},"modified":"2026-04-22T08:33:35","modified_gmt":"2026-04-22T08:33:35","slug":"bozicna-jastucnica","status":"publish","type":"product","link":"https:\/\/limunstudio.hr\/en\/product\/bozicna-jastucnica\/","title":{"rendered":"Bo\u017ei\u0107na jastu\u010dnica \u2014 Fiori"},"content":{"rendered":"","protected":false},"excerpt":{"rendered":"<p>Jastu\u010dnica od 100 % kvalitetnog pamuka. Zahvaljuju\u0107i \u010dvrstom tkanju, tkanina je deblja i izdr\u017eljivija. Otisnuta digitalnim tiskom \u0161to je \u010dini pouzdanim izborom za svakodnevnu upotrebu i sigurno pranje. Proizvedeno u Hrvatskoj.<\/p>","protected":false},"featured_media":10230,"template":"","meta":{"_seopress_robots_primary_cat":"none","_seopress_titles_title":"","_seopress_titles_desc":"","_seopress_robots_index":"","iawp_total_views":0},"product_brand":[73],"product_cat":[212,214],"product_tag":[],"class_list":{"0":"post-4815","1":"product","2":"type-product","3":"status-publish","4":"has-post-thumbnail","6":"product_brand-mmyh","7":"product_cat-bozic","8":"product_cat-bozicni-tekstil","10":"first","11":"instock","12":"taxable","13":"shipping-taxable","14":"purchasable","15":"product-type-simple"},"_links":{"self":[{"href":"https:\/\/limunstudio.hr\/en\/wp-json\/wp\/v2\/product\/4815","targetHints":{"allow":["GET"]}}],"collection":[{"href":"https:\/\/limunstudio.hr\/en\/wp-json\/wp\/v2\/product"}],"about":[{"href":"https:\/\/limunstudio.hr\/en\/wp-json\/wp\/v2\/types\/product"}],"version-history":[{"count":6,"href":"https:\/\/limunstudio.hr\/en\/wp-json\/wp\/v2\/product\/4815\/revisions"}],"predecessor-version":[{"id":13599,"href":"https:\/\/limunstudio.hr\/en\/wp-json\/wp\/v2\/product\/4815\/revisions\/13599"}],"wp:featuredmedia":[{"embeddable":true,"href":"https:\/\/limunstudio.hr\/en\/wp-json\/wp\/v2\/media\/10230"}],"wp:attachment":[{"href":"https:\/\/limunstudio.hr\/en\/wp-json\/wp\/v2\/media?parent=4815"}],"wp:term":[{"taxonomy":"product_brand","embeddable":true,"href":"https:\/\/limunstudio.hr\/en\/wp-json\/wp\/v2\/product_brand?post=4815"},{"taxonomy":"product_cat","embeddable":true,"href":"https:\/\/limunstudio.hr\/en\/wp-json\/wp\/v2\/product_cat?post=4815"},{"taxonomy":"product_tag","embeddable":true,"href":"https:\/\/limunstudio.hr\/en\/wp-json\/wp\/v2\/product_tag?post=4815"}],"curies":[{"name":"wp","href":"https:\/\/api.w.org\/{rel}","templated":true}]}}