{"id":4811,"date":"2025-11-17T16:21:30","date_gmt":"2025-11-17T16:21:30","guid":{"rendered":"https:\/\/limunstudio.hr\/?post_type=product&#038;p=4811"},"modified":"2026-04-22T08:34:24","modified_gmt":"2026-04-22T08:34:24","slug":"bozicni-nadstonjak","status":"publish","type":"product","link":"https:\/\/limunstudio.hr\/en\/product\/bozicni-nadstonjak\/","title":{"rendered":"Bo\u017ei\u0107ni nadstolnjak"},"content":{"rendered":"","protected":false},"excerpt":{"rendered":"<p>Bo\u017ei\u0107ni nadstolnjak otisnut digitalnim tiskom. Siugrno za svakodnevno upotrebu i strojno pranje. Proizvedeno u Hrvatskoj. 100% pamuk.<\/p>","protected":false},"featured_media":10246,"template":"","meta":{"_seopress_robots_primary_cat":"none","_seopress_titles_title":"","_seopress_titles_desc":"","_seopress_robots_index":"","iawp_total_views":1},"product_brand":[73],"product_cat":[212,214],"product_tag":[],"class_list":{"0":"post-4811","1":"product","2":"type-product","3":"status-publish","4":"has-post-thumbnail","6":"product_brand-mmyh","7":"product_cat-bozic","8":"product_cat-bozicni-tekstil","10":"first","11":"instock","12":"taxable","13":"shipping-taxable","14":"purchasable","15":"product-type-simple"},"_links":{"self":[{"href":"https:\/\/limunstudio.hr\/en\/wp-json\/wp\/v2\/product\/4811","targetHints":{"allow":["GET"]}}],"collection":[{"href":"https:\/\/limunstudio.hr\/en\/wp-json\/wp\/v2\/product"}],"about":[{"href":"https:\/\/limunstudio.hr\/en\/wp-json\/wp\/v2\/types\/product"}],"version-history":[{"count":3,"href":"https:\/\/limunstudio.hr\/en\/wp-json\/wp\/v2\/product\/4811\/revisions"}],"predecessor-version":[{"id":13609,"href":"https:\/\/limunstudio.hr\/en\/wp-json\/wp\/v2\/product\/4811\/revisions\/13609"}],"wp:featuredmedia":[{"embeddable":true,"href":"https:\/\/limunstudio.hr\/en\/wp-json\/wp\/v2\/media\/10246"}],"wp:attachment":[{"href":"https:\/\/limunstudio.hr\/en\/wp-json\/wp\/v2\/media?parent=4811"}],"wp:term":[{"taxonomy":"product_brand","embeddable":true,"href":"https:\/\/limunstudio.hr\/en\/wp-json\/wp\/v2\/product_brand?post=4811"},{"taxonomy":"product_cat","embeddable":true,"href":"https:\/\/limunstudio.hr\/en\/wp-json\/wp\/v2\/product_cat?post=4811"},{"taxonomy":"product_tag","embeddable":true,"href":"https:\/\/limunstudio.hr\/en\/wp-json\/wp\/v2\/product_tag?post=4811"}],"curies":[{"name":"wp","href":"https:\/\/api.w.org\/{rel}","templated":true}]}}