{"id":4807,"date":"2025-11-17T16:18:53","date_gmt":"2025-11-17T16:18:53","guid":{"rendered":"https:\/\/limunstudio.hr\/?post_type=product&#038;p=4807"},"modified":"2026-04-25T18:07:14","modified_gmt":"2026-04-25T16:07:14","slug":"lutka-mirisna-riba","status":"publish","type":"product","link":"https:\/\/limunstudio.hr\/en\/product\/lutka-mirisna-riba\/","title":{"rendered":"Lutka \u2014 Mirisna riba"},"content":{"rendered":"","protected":false},"excerpt":{"rendered":"<p>Mirisna lutka u obliku ribe s nje\u017enim mirisom lavande. Ru\u010dno izra\u0111ena u Hrvatskoj. Dolazi sa \u0161pagom za vje\u0161anje.<\/p>","protected":false},"featured_media":13465,"template":"","meta":{"_seopress_robots_primary_cat":"none","_seopress_titles_title":"","_seopress_titles_desc":"","_seopress_robots_index":"","iawp_total_views":1},"product_brand":[308],"product_cat":[120,119],"product_tag":[],"class_list":{"0":"post-4807","1":"product","2":"type-product","3":"status-publish","4":"has-post-thumbnail","6":"product_brand-sovica","7":"product_cat-lutke","8":"product_cat-zabava","10":"first","11":"instock","12":"taxable","13":"shipping-taxable","14":"purchasable","15":"product-type-variable"},"_links":{"self":[{"href":"https:\/\/limunstudio.hr\/en\/wp-json\/wp\/v2\/product\/4807","targetHints":{"allow":["GET"]}}],"collection":[{"href":"https:\/\/limunstudio.hr\/en\/wp-json\/wp\/v2\/product"}],"about":[{"href":"https:\/\/limunstudio.hr\/en\/wp-json\/wp\/v2\/types\/product"}],"version-history":[{"count":4,"href":"https:\/\/limunstudio.hr\/en\/wp-json\/wp\/v2\/product\/4807\/revisions"}],"predecessor-version":[{"id":13472,"href":"https:\/\/limunstudio.hr\/en\/wp-json\/wp\/v2\/product\/4807\/revisions\/13472"}],"wp:featuredmedia":[{"embeddable":true,"href":"https:\/\/limunstudio.hr\/en\/wp-json\/wp\/v2\/media\/13465"}],"wp:attachment":[{"href":"https:\/\/limunstudio.hr\/en\/wp-json\/wp\/v2\/media?parent=4807"}],"wp:term":[{"taxonomy":"product_brand","embeddable":true,"href":"https:\/\/limunstudio.hr\/en\/wp-json\/wp\/v2\/product_brand?post=4807"},{"taxonomy":"product_cat","embeddable":true,"href":"https:\/\/limunstudio.hr\/en\/wp-json\/wp\/v2\/product_cat?post=4807"},{"taxonomy":"product_tag","embeddable":true,"href":"https:\/\/limunstudio.hr\/en\/wp-json\/wp\/v2\/product_tag?post=4807"}],"curies":[{"name":"wp","href":"https:\/\/api.w.org\/{rel}","templated":true}]}}