{"id":4801,"date":"2025-11-17T16:18:10","date_gmt":"2025-11-17T16:18:10","guid":{"rendered":"https:\/\/limunstudio.hr\/?post_type=product&#038;p=4801"},"modified":"2026-04-07T14:39:22","modified_gmt":"2026-04-07T14:39:22","slug":"lutka-koala","status":"publish","type":"product","link":"https:\/\/limunstudio.hr\/en\/product\/lutka-koala\/","title":{"rendered":"Lutka \u2014 Koala"},"content":{"rendered":"","protected":false},"excerpt":{"rendered":"<p data-start=\"113\" data-end=\"285\">Svaka lutka je ru\u010dno izra\u0111ena u Hrvatskoj. Zbog raznolikosti izrade, lutke se razlikuju u u boji tkanine (u\u0161i mogu biti plave, sive, roze, \u0161arene, prugaste i sl.). Prilikom narud\u017ebe u napomenu mo\u017eete upisati \u017eeljene boje, a mi \u0107emo se potruditi poslati lutku koja najvi\u0161e odgovara va\u0161em odabiru ili vas kontaktirati s dostupnim opcijama.<\/p>","protected":false},"featured_media":10978,"template":"","meta":{"_seopress_robots_primary_cat":"none","_seopress_titles_title":"","_seopress_titles_desc":"","_seopress_robots_index":"","iawp_total_views":1},"product_brand":[308],"product_cat":[120,119],"product_tag":[],"class_list":{"0":"post-4801","1":"product","2":"type-product","3":"status-publish","4":"has-post-thumbnail","6":"product_brand-sovica","7":"product_cat-lutke","8":"product_cat-zabava","10":"first","11":"instock","12":"taxable","13":"shipping-taxable","14":"purchasable","15":"product-type-simple"},"_links":{"self":[{"href":"https:\/\/limunstudio.hr\/en\/wp-json\/wp\/v2\/product\/4801","targetHints":{"allow":["GET"]}}],"collection":[{"href":"https:\/\/limunstudio.hr\/en\/wp-json\/wp\/v2\/product"}],"about":[{"href":"https:\/\/limunstudio.hr\/en\/wp-json\/wp\/v2\/types\/product"}],"version-history":[{"count":2,"href":"https:\/\/limunstudio.hr\/en\/wp-json\/wp\/v2\/product\/4801\/revisions"}],"predecessor-version":[{"id":13467,"href":"https:\/\/limunstudio.hr\/en\/wp-json\/wp\/v2\/product\/4801\/revisions\/13467"}],"wp:featuredmedia":[{"embeddable":true,"href":"https:\/\/limunstudio.hr\/en\/wp-json\/wp\/v2\/media\/10978"}],"wp:attachment":[{"href":"https:\/\/limunstudio.hr\/en\/wp-json\/wp\/v2\/media?parent=4801"}],"wp:term":[{"taxonomy":"product_brand","embeddable":true,"href":"https:\/\/limunstudio.hr\/en\/wp-json\/wp\/v2\/product_brand?post=4801"},{"taxonomy":"product_cat","embeddable":true,"href":"https:\/\/limunstudio.hr\/en\/wp-json\/wp\/v2\/product_cat?post=4801"},{"taxonomy":"product_tag","embeddable":true,"href":"https:\/\/limunstudio.hr\/en\/wp-json\/wp\/v2\/product_tag?post=4801"}],"curies":[{"name":"wp","href":"https:\/\/api.w.org\/{rel}","templated":true}]}}