{"id":4797,"date":"2025-11-17T16:16:56","date_gmt":"2025-11-17T16:16:56","guid":{"rendered":"https:\/\/limunstudio.hr\/?post_type=product&#038;p=4797"},"modified":"2026-04-25T17:48:53","modified_gmt":"2026-04-25T15:48:53","slug":"lutka-zec","status":"publish","type":"product","link":"https:\/\/limunstudio.hr\/en\/product\/lutka-zec\/","title":{"rendered":"Lutka \u2014 Zec"},"content":{"rendered":"","protected":false},"excerpt":{"rendered":"<p data-start=\"113\" data-end=\"285\">Svaka lutka je ru\u010dno izra\u0111ena u Hrvatskoj. Zbog raznolikosti izrade, lutke se razlikuju u u boji tkanine (u\u0161i mogu biti plave, roze, \u0161arene, prugaste i sl.). Prilikom narud\u017ebe u napomenu mo\u017eete upisati \u017eeljene boje, a mi \u0107emo se potruditi poslati lutku koja najvi\u0161e odgovara va\u0161em odabiru ili vas kontaktirati s dostupnim opcijama.<\/p>","protected":false},"featured_media":9764,"template":"","meta":{"_seopress_robots_primary_cat":"none","_seopress_titles_title":"","_seopress_titles_desc":"","_seopress_robots_index":"","iawp_total_views":0},"product_brand":[308],"product_cat":[120,119],"product_tag":[],"class_list":{"0":"post-4797","1":"product","2":"type-product","3":"status-publish","4":"has-post-thumbnail","6":"product_brand-sovica","7":"product_cat-lutke","8":"product_cat-zabava","10":"first","11":"instock","12":"taxable","13":"shipping-taxable","14":"purchasable","15":"product-type-simple"},"_links":{"self":[{"href":"https:\/\/limunstudio.hr\/en\/wp-json\/wp\/v2\/product\/4797","targetHints":{"allow":["GET"]}}],"collection":[{"href":"https:\/\/limunstudio.hr\/en\/wp-json\/wp\/v2\/product"}],"about":[{"href":"https:\/\/limunstudio.hr\/en\/wp-json\/wp\/v2\/types\/product"}],"version-history":[{"count":4,"href":"https:\/\/limunstudio.hr\/en\/wp-json\/wp\/v2\/product\/4797\/revisions"}],"predecessor-version":[{"id":13466,"href":"https:\/\/limunstudio.hr\/en\/wp-json\/wp\/v2\/product\/4797\/revisions\/13466"}],"wp:featuredmedia":[{"embeddable":true,"href":"https:\/\/limunstudio.hr\/en\/wp-json\/wp\/v2\/media\/9764"}],"wp:attachment":[{"href":"https:\/\/limunstudio.hr\/en\/wp-json\/wp\/v2\/media?parent=4797"}],"wp:term":[{"taxonomy":"product_brand","embeddable":true,"href":"https:\/\/limunstudio.hr\/en\/wp-json\/wp\/v2\/product_brand?post=4797"},{"taxonomy":"product_cat","embeddable":true,"href":"https:\/\/limunstudio.hr\/en\/wp-json\/wp\/v2\/product_cat?post=4797"},{"taxonomy":"product_tag","embeddable":true,"href":"https:\/\/limunstudio.hr\/en\/wp-json\/wp\/v2\/product_tag?post=4797"}],"curies":[{"name":"wp","href":"https:\/\/api.w.org\/{rel}","templated":true}]}}