{"id":4740,"date":"2025-11-17T14:32:20","date_gmt":"2025-11-17T14:32:20","guid":{"rendered":"https:\/\/limunstudio.hr\/?post_type=product&#038;p=4740"},"modified":"2026-04-30T12:59:47","modified_gmt":"2026-04-30T10:59:47","slug":"lutka-sirena","status":"publish","type":"product","link":"https:\/\/limunstudio.hr\/en\/product\/lutka-sirena\/","title":{"rendered":"Lutka \u2014 Sirena tirkiz"},"content":{"rendered":"","protected":false},"excerpt":{"rendered":"<p data-start=\"0\" data-end=\"320\">Ova ru\u010dno izra\u0111ena lutka jedinstvena je umjetni\u010dka kreacija koja spaja ma\u0161tu, bajkovitu estetiku i pa\u017eljivo ru\u010dno umije\u0107e. Izra\u0111ena je ru\u010dno u Hrvatskoj, a svaka lutka je unikat \u2013 nema dvije potpuno iste. Svaki detalj pa\u017eljivo je oblikovan pa svaka lutka ima svoj karakter i pri\u010du. Lutka nije samo igra\u010dka, ve\u0107 umjetni\u010dki predmet i poseban poklon za ljubitelje ru\u010dnog rada.<br \/>\n<strong data-start=\"449\" data-end=\"462\">Napomena: <\/strong>Zbog ru\u010dne izrade mogu\u0107e su manje razlike u detaljima.<\/p>","protected":false},"featured_media":14609,"template":"","meta":{"_seopress_robots_primary_cat":"none","_seopress_titles_title":"","_seopress_titles_desc":"","_seopress_robots_index":"","iawp_total_views":0},"product_brand":[306],"product_cat":[120,119],"product_tag":[],"class_list":{"0":"post-4740","1":"product","2":"type-product","3":"status-publish","4":"has-post-thumbnail","6":"product_brand-jasmina-kosanovic","7":"product_cat-lutke","8":"product_cat-zabava","10":"first","11":"instock","12":"taxable","13":"shipping-taxable","14":"purchasable","15":"product-type-simple"},"_links":{"self":[{"href":"https:\/\/limunstudio.hr\/en\/wp-json\/wp\/v2\/product\/4740","targetHints":{"allow":["GET"]}}],"collection":[{"href":"https:\/\/limunstudio.hr\/en\/wp-json\/wp\/v2\/product"}],"about":[{"href":"https:\/\/limunstudio.hr\/en\/wp-json\/wp\/v2\/types\/product"}],"version-history":[{"count":7,"href":"https:\/\/limunstudio.hr\/en\/wp-json\/wp\/v2\/product\/4740\/revisions"}],"predecessor-version":[{"id":14558,"href":"https:\/\/limunstudio.hr\/en\/wp-json\/wp\/v2\/product\/4740\/revisions\/14558"}],"wp:featuredmedia":[{"embeddable":true,"href":"https:\/\/limunstudio.hr\/en\/wp-json\/wp\/v2\/media\/14609"}],"wp:attachment":[{"href":"https:\/\/limunstudio.hr\/en\/wp-json\/wp\/v2\/media?parent=4740"}],"wp:term":[{"taxonomy":"product_brand","embeddable":true,"href":"https:\/\/limunstudio.hr\/en\/wp-json\/wp\/v2\/product_brand?post=4740"},{"taxonomy":"product_cat","embeddable":true,"href":"https:\/\/limunstudio.hr\/en\/wp-json\/wp\/v2\/product_cat?post=4740"},{"taxonomy":"product_tag","embeddable":true,"href":"https:\/\/limunstudio.hr\/en\/wp-json\/wp\/v2\/product_tag?post=4740"}],"curies":[{"name":"wp","href":"https:\/\/api.w.org\/{rel}","templated":true}]}}