{"id":4738,"date":"2025-11-17T13:43:13","date_gmt":"2025-11-17T13:43:13","guid":{"rendered":"https:\/\/limunstudio.hr\/?post_type=product&#038;p=4738"},"modified":"2026-04-24T11:34:09","modified_gmt":"2026-04-24T09:34:09","slug":"omot-od-pcelinjeg-voska","status":"publish","type":"product","link":"https:\/\/limunstudio.hr\/en\/product\/omot-od-pcelinjeg-voska\/","title":{"rendered":"Omot od p\u010delinjeg voska \u2014 40x45cm"},"content":{"rendered":"","protected":false},"excerpt":{"rendered":"<p>Omoti \u010duvaju svje\u017einu namirnica, prijanjaju uz posu\u0111e, sir, vo\u0107e, povr\u0107e, sendivi\u010de. Ne dr\u017eati na toplim namirnicama i dr\u017eati dalje od izvora topline. Prati hladnom vodom. Sastav: pamu\u010dna tkanina, p\u010delinji vosak, borova smola i jojobino ulje. Mo\u017ee izazvati alergijsku reakciju.<\/p>","protected":false},"featured_media":14278,"template":"","meta":{"_seopress_robots_primary_cat":"none","_seopress_titles_title":"","_seopress_titles_desc":"","_seopress_robots_index":"","iawp_total_views":3},"product_brand":[339],"product_cat":[155,171],"product_tag":[],"class_list":{"0":"post-4738","1":"product","2":"type-product","3":"status-publish","4":"has-post-thumbnail","6":"product_brand-bee-omot","7":"product_cat-kuhinja","8":"product_cat-omoti-od-voska","10":"first","11":"instock","12":"taxable","13":"shipping-taxable","14":"purchasable","15":"product-type-variable"},"_links":{"self":[{"href":"https:\/\/limunstudio.hr\/en\/wp-json\/wp\/v2\/product\/4738","targetHints":{"allow":["GET"]}}],"collection":[{"href":"https:\/\/limunstudio.hr\/en\/wp-json\/wp\/v2\/product"}],"about":[{"href":"https:\/\/limunstudio.hr\/en\/wp-json\/wp\/v2\/types\/product"}],"version-history":[{"count":6,"href":"https:\/\/limunstudio.hr\/en\/wp-json\/wp\/v2\/product\/4738\/revisions"}],"predecessor-version":[{"id":12740,"href":"https:\/\/limunstudio.hr\/en\/wp-json\/wp\/v2\/product\/4738\/revisions\/12740"}],"wp:featuredmedia":[{"embeddable":true,"href":"https:\/\/limunstudio.hr\/en\/wp-json\/wp\/v2\/media\/14278"}],"wp:attachment":[{"href":"https:\/\/limunstudio.hr\/en\/wp-json\/wp\/v2\/media?parent=4738"}],"wp:term":[{"taxonomy":"product_brand","embeddable":true,"href":"https:\/\/limunstudio.hr\/en\/wp-json\/wp\/v2\/product_brand?post=4738"},{"taxonomy":"product_cat","embeddable":true,"href":"https:\/\/limunstudio.hr\/en\/wp-json\/wp\/v2\/product_cat?post=4738"},{"taxonomy":"product_tag","embeddable":true,"href":"https:\/\/limunstudio.hr\/en\/wp-json\/wp\/v2\/product_tag?post=4738"}],"curies":[{"name":"wp","href":"https:\/\/api.w.org\/{rel}","templated":true}]}}