{"id":4736,"date":"2025-11-17T13:41:24","date_gmt":"2025-11-17T13:41:24","guid":{"rendered":"https:\/\/limunstudio.hr\/?post_type=product&#038;p=4736"},"modified":"2026-04-21T14:12:42","modified_gmt":"2026-04-21T14:12:42","slug":"tepih-split","status":"publish","type":"product","link":"https:\/\/limunstudio.hr\/en\/product\/tepih-split\/","title":{"rendered":"Tepih \u2014 Split"},"content":{"rendered":"","protected":false},"excerpt":{"rendered":"<p>Ukra\u0161en nje\u017enim, razigranim ilustracijama poznatih splitskih motiva ovaj tepih donosi toplinu i osje\u0107aj mora u dje\u010dji prostor. Pru\u017ea udobnost, sigurnost i vizualnu stimulaciju te poti\u010de dje\u010dju ma\u0161tu. Izra\u0111en od mekanog, hipoalergenog materijala idealan je za igru, odmor i prve korake.<\/p>","protected":false},"featured_media":12827,"template":"","meta":{"_seopress_robots_primary_cat":"none","_seopress_titles_title":"","_seopress_titles_desc":"","_seopress_robots_index":"","iawp_total_views":0},"product_brand":[399],"product_cat":[126,119],"product_tag":[],"class_list":{"0":"post-4736","1":"product","2":"type-product","3":"status-publish","4":"has-post-thumbnail","6":"product_brand-suzana-brala","7":"product_cat-tepih","8":"product_cat-zabava","10":"first","11":"onbackorder","12":"taxable","13":"shipping-taxable","14":"purchasable","15":"product-type-simple"},"_links":{"self":[{"href":"https:\/\/limunstudio.hr\/en\/wp-json\/wp\/v2\/product\/4736","targetHints":{"allow":["GET"]}}],"collection":[{"href":"https:\/\/limunstudio.hr\/en\/wp-json\/wp\/v2\/product"}],"about":[{"href":"https:\/\/limunstudio.hr\/en\/wp-json\/wp\/v2\/types\/product"}],"version-history":[{"count":2,"href":"https:\/\/limunstudio.hr\/en\/wp-json\/wp\/v2\/product\/4736\/revisions"}],"predecessor-version":[{"id":12834,"href":"https:\/\/limunstudio.hr\/en\/wp-json\/wp\/v2\/product\/4736\/revisions\/12834"}],"wp:featuredmedia":[{"embeddable":true,"href":"https:\/\/limunstudio.hr\/en\/wp-json\/wp\/v2\/media\/12827"}],"wp:attachment":[{"href":"https:\/\/limunstudio.hr\/en\/wp-json\/wp\/v2\/media?parent=4736"}],"wp:term":[{"taxonomy":"product_brand","embeddable":true,"href":"https:\/\/limunstudio.hr\/en\/wp-json\/wp\/v2\/product_brand?post=4736"},{"taxonomy":"product_cat","embeddable":true,"href":"https:\/\/limunstudio.hr\/en\/wp-json\/wp\/v2\/product_cat?post=4736"},{"taxonomy":"product_tag","embeddable":true,"href":"https:\/\/limunstudio.hr\/en\/wp-json\/wp\/v2\/product_tag?post=4736"}],"curies":[{"name":"wp","href":"https:\/\/api.w.org\/{rel}","templated":true}]}}