{"id":4732,"date":"2025-11-17T13:41:11","date_gmt":"2025-11-17T13:41:11","guid":{"rendered":"https:\/\/limunstudio.hr\/?post_type=product&#038;p=4732"},"modified":"2026-04-21T14:13:00","modified_gmt":"2026-04-21T14:13:00","slug":"tepih-zadar","status":"publish","type":"product","link":"https:\/\/limunstudio.hr\/en\/product\/tepih-zadar\/","title":{"rendered":"Tepih \u2014 Zadar"},"content":{"rendered":"","protected":false},"excerpt":{"rendered":"<p>Ukra\u0161en nje\u017enim, razigranim ilustracijama poznatih zadarskih motiva ovaj tepih donosi toplinu i osje\u0107aj mora u dje\u010dji prostor. Pru\u017ea udobnost, sigurnost i vizualnu stimulaciju te poti\u010de dje\u010dju ma\u0161tu. Izra\u0111en od mekanog, hipoalergenog materijala idealan je za igru, odmor i prve korake.<\/p>","protected":false},"featured_media":12829,"template":"","meta":{"_seopress_robots_primary_cat":"none","_seopress_titles_title":"","_seopress_titles_desc":"","_seopress_robots_index":"","iawp_total_views":0},"product_brand":[399],"product_cat":[126,119],"product_tag":[],"class_list":{"0":"post-4732","1":"product","2":"type-product","3":"status-publish","4":"has-post-thumbnail","6":"product_brand-suzana-brala","7":"product_cat-tepih","8":"product_cat-zabava","10":"first","11":"instock","12":"sold-individually","13":"taxable","14":"shipping-taxable","15":"purchasable","16":"product-type-simple"},"_links":{"self":[{"href":"https:\/\/limunstudio.hr\/en\/wp-json\/wp\/v2\/product\/4732","targetHints":{"allow":["GET"]}}],"collection":[{"href":"https:\/\/limunstudio.hr\/en\/wp-json\/wp\/v2\/product"}],"about":[{"href":"https:\/\/limunstudio.hr\/en\/wp-json\/wp\/v2\/types\/product"}],"version-history":[{"count":2,"href":"https:\/\/limunstudio.hr\/en\/wp-json\/wp\/v2\/product\/4732\/revisions"}],"predecessor-version":[{"id":12832,"href":"https:\/\/limunstudio.hr\/en\/wp-json\/wp\/v2\/product\/4732\/revisions\/12832"}],"wp:featuredmedia":[{"embeddable":true,"href":"https:\/\/limunstudio.hr\/en\/wp-json\/wp\/v2\/media\/12829"}],"wp:attachment":[{"href":"https:\/\/limunstudio.hr\/en\/wp-json\/wp\/v2\/media?parent=4732"}],"wp:term":[{"taxonomy":"product_brand","embeddable":true,"href":"https:\/\/limunstudio.hr\/en\/wp-json\/wp\/v2\/product_brand?post=4732"},{"taxonomy":"product_cat","embeddable":true,"href":"https:\/\/limunstudio.hr\/en\/wp-json\/wp\/v2\/product_cat?post=4732"},{"taxonomy":"product_tag","embeddable":true,"href":"https:\/\/limunstudio.hr\/en\/wp-json\/wp\/v2\/product_tag?post=4732"}],"curies":[{"name":"wp","href":"https:\/\/api.w.org\/{rel}","templated":true}]}}