{"id":4726,"date":"2025-11-17T13:38:44","date_gmt":"2025-11-17T13:38:44","guid":{"rendered":"https:\/\/limunstudio.hr\/?post_type=product&#038;p=4726"},"modified":"2026-04-20T15:51:01","modified_gmt":"2026-04-20T15:51:01","slug":"kemijska-olovka-drvena-fancy","status":"publish","type":"product","link":"https:\/\/limunstudio.hr\/en\/product\/kemijska-olovka-drvena-fancy\/","title":{"rendered":"Kemijska olovka \u2014 drvena FANCY 1"},"content":{"rendered":"","protected":false},"excerpt":{"rendered":"<p>Ru\u010dno izra\u0111ena drvena olovka. Svaki komad unikatan s vlastitom teksturom i karakterom drva, pa\u017eljivo oblikovan u maloj radionici u Hrvatskoj.<span dir=\"auto\"> Tanka i lagana kemijska olovka. Ulo\u0161ci u kri\u017enom obliku.<\/span><\/p>","protected":false},"featured_media":11253,"template":"","meta":{"_seopress_robots_primary_cat":"none","_seopress_titles_title":"","_seopress_titles_desc":"","_seopress_robots_index":"","iawp_total_views":0},"product_brand":[386],"product_cat":[199,198],"product_tag":[],"class_list":{"0":"post-4726","1":"product","2":"type-product","3":"status-publish","4":"has-post-thumbnail","6":"product_brand-brando","7":"product_cat-kemijske-olovke","8":"product_cat-ured","10":"first","11":"instock","12":"sold-individually","13":"taxable","14":"shipping-taxable","15":"purchasable","16":"product-type-simple"},"_links":{"self":[{"href":"https:\/\/limunstudio.hr\/en\/wp-json\/wp\/v2\/product\/4726","targetHints":{"allow":["GET"]}}],"collection":[{"href":"https:\/\/limunstudio.hr\/en\/wp-json\/wp\/v2\/product"}],"about":[{"href":"https:\/\/limunstudio.hr\/en\/wp-json\/wp\/v2\/types\/product"}],"version-history":[{"count":5,"href":"https:\/\/limunstudio.hr\/en\/wp-json\/wp\/v2\/product\/4726\/revisions"}],"predecessor-version":[{"id":12576,"href":"https:\/\/limunstudio.hr\/en\/wp-json\/wp\/v2\/product\/4726\/revisions\/12576"}],"wp:featuredmedia":[{"embeddable":true,"href":"https:\/\/limunstudio.hr\/en\/wp-json\/wp\/v2\/media\/11253"}],"wp:attachment":[{"href":"https:\/\/limunstudio.hr\/en\/wp-json\/wp\/v2\/media?parent=4726"}],"wp:term":[{"taxonomy":"product_brand","embeddable":true,"href":"https:\/\/limunstudio.hr\/en\/wp-json\/wp\/v2\/product_brand?post=4726"},{"taxonomy":"product_cat","embeddable":true,"href":"https:\/\/limunstudio.hr\/en\/wp-json\/wp\/v2\/product_cat?post=4726"},{"taxonomy":"product_tag","embeddable":true,"href":"https:\/\/limunstudio.hr\/en\/wp-json\/wp\/v2\/product_tag?post=4726"}],"curies":[{"name":"wp","href":"https:\/\/api.w.org\/{rel}","templated":true}]}}