{"id":4702,"date":"2025-11-16T20:46:58","date_gmt":"2025-11-16T20:46:58","guid":{"rendered":"https:\/\/limunstudio.hr\/?post_type=product&#038;p=4702"},"modified":"2026-04-08T10:07:40","modified_gmt":"2026-04-08T10:07:40","slug":"akrilni-pin-srce","status":"publish","type":"product","link":"https:\/\/limunstudio.hr\/en\/product\/akrilni-pin-srce\/","title":{"rendered":"Akrilni pin \u2014 Srce"},"content":{"rendered":"","protected":false},"excerpt":{"rendered":"<p>Akrilni pin jednostavno se pri\u010dvr\u0161\u0107uje na majice, kape, torbe ili ruksake te unosi mali, ali upe\u010datljiv detalj u svakodnevni stil. Dimenzije pina su 4&#215;3,5cm.<\/p>","protected":false},"featured_media":9432,"template":"","meta":{"_seopress_robots_primary_cat":"none","_seopress_titles_title":"","_seopress_titles_desc":"","_seopress_robots_index":"","iawp_total_views":1},"product_brand":[73],"product_cat":[136,131,127],"product_tag":[],"class_list":{"0":"post-4702","1":"product","2":"type-product","3":"status-publish","4":"has-post-thumbnail","6":"product_brand-mmyh","7":"product_cat-brosevi","8":"product_cat-dodaci","9":"product_cat-moda","11":"first","12":"instock","13":"taxable","14":"shipping-taxable","15":"purchasable","16":"product-type-simple"},"_links":{"self":[{"href":"https:\/\/limunstudio.hr\/en\/wp-json\/wp\/v2\/product\/4702","targetHints":{"allow":["GET"]}}],"collection":[{"href":"https:\/\/limunstudio.hr\/en\/wp-json\/wp\/v2\/product"}],"about":[{"href":"https:\/\/limunstudio.hr\/en\/wp-json\/wp\/v2\/types\/product"}],"version-history":[{"count":4,"href":"https:\/\/limunstudio.hr\/en\/wp-json\/wp\/v2\/product\/4702\/revisions"}],"predecessor-version":[{"id":10141,"href":"https:\/\/limunstudio.hr\/en\/wp-json\/wp\/v2\/product\/4702\/revisions\/10141"}],"wp:featuredmedia":[{"embeddable":true,"href":"https:\/\/limunstudio.hr\/en\/wp-json\/wp\/v2\/media\/9432"}],"wp:attachment":[{"href":"https:\/\/limunstudio.hr\/en\/wp-json\/wp\/v2\/media?parent=4702"}],"wp:term":[{"taxonomy":"product_brand","embeddable":true,"href":"https:\/\/limunstudio.hr\/en\/wp-json\/wp\/v2\/product_brand?post=4702"},{"taxonomy":"product_cat","embeddable":true,"href":"https:\/\/limunstudio.hr\/en\/wp-json\/wp\/v2\/product_cat?post=4702"},{"taxonomy":"product_tag","embeddable":true,"href":"https:\/\/limunstudio.hr\/en\/wp-json\/wp\/v2\/product_tag?post=4702"}],"curies":[{"name":"wp","href":"https:\/\/api.w.org\/{rel}","templated":true}]}}