{"id":4696,"date":"2025-11-16T20:46:50","date_gmt":"2025-11-16T20:46:50","guid":{"rendered":"https:\/\/limunstudio.hr\/?post_type=product&#038;p=4696"},"modified":"2026-04-22T09:23:38","modified_gmt":"2026-04-22T09:23:38","slug":"akrilni-pin-zagreb","status":"publish","type":"product","link":"https:\/\/limunstudio.hr\/en\/product\/akrilni-pin-zagreb\/","title":{"rendered":"Akrilni pin \u2014 Zagreba\u010dki motivi"},"content":{"rendered":"","protected":false},"excerpt":{"rendered":"<p>Akrilni pin jednostavno se pri\u010dvr\u0161\u0107uje na majice, kape, torbe ili ruksake te unosi mali, ali upe\u010datljiv detalj u svakodnevni stil.<\/p>","protected":false},"featured_media":11041,"template":"","meta":{"_seopress_robots_primary_cat":"none","_seopress_titles_title":"","_seopress_titles_desc":"","_seopress_robots_index":"","iawp_total_views":2},"product_brand":[73],"product_cat":[136,131,127],"product_tag":[],"class_list":{"0":"post-4696","1":"product","2":"type-product","3":"status-publish","4":"has-post-thumbnail","6":"product_brand-mmyh","7":"product_cat-brosevi","8":"product_cat-dodaci","9":"product_cat-moda","10":"pa_kolekcija-zagreb-line","12":"first","13":"instock","14":"taxable","15":"shipping-taxable","16":"purchasable","17":"product-type-variable"},"_links":{"self":[{"href":"https:\/\/limunstudio.hr\/en\/wp-json\/wp\/v2\/product\/4696","targetHints":{"allow":["GET"]}}],"collection":[{"href":"https:\/\/limunstudio.hr\/en\/wp-json\/wp\/v2\/product"}],"about":[{"href":"https:\/\/limunstudio.hr\/en\/wp-json\/wp\/v2\/types\/product"}],"version-history":[{"count":4,"href":"https:\/\/limunstudio.hr\/en\/wp-json\/wp\/v2\/product\/4696\/revisions"}],"predecessor-version":[{"id":10143,"href":"https:\/\/limunstudio.hr\/en\/wp-json\/wp\/v2\/product\/4696\/revisions\/10143"}],"wp:featuredmedia":[{"embeddable":true,"href":"https:\/\/limunstudio.hr\/en\/wp-json\/wp\/v2\/media\/11041"}],"wp:attachment":[{"href":"https:\/\/limunstudio.hr\/en\/wp-json\/wp\/v2\/media?parent=4696"}],"wp:term":[{"taxonomy":"product_brand","embeddable":true,"href":"https:\/\/limunstudio.hr\/en\/wp-json\/wp\/v2\/product_brand?post=4696"},{"taxonomy":"product_cat","embeddable":true,"href":"https:\/\/limunstudio.hr\/en\/wp-json\/wp\/v2\/product_cat?post=4696"},{"taxonomy":"product_tag","embeddable":true,"href":"https:\/\/limunstudio.hr\/en\/wp-json\/wp\/v2\/product_tag?post=4696"}],"curies":[{"name":"wp","href":"https:\/\/api.w.org\/{rel}","templated":true}]}}