{"id":4694,"date":"2025-11-16T20:34:39","date_gmt":"2025-11-16T20:34:39","guid":{"rendered":"https:\/\/limunstudio.hr\/?post_type=product&#038;p=4694"},"modified":"2026-05-02T09:49:30","modified_gmt":"2026-05-02T07:49:30","slug":"knjiga-jadran","status":"publish","type":"product","link":"https:\/\/limunstudio.hr\/en\/product\/knjiga-jadran\/","title":{"rendered":"Knjiga \u2014 Jadran"},"content":{"rendered":"","protected":false},"excerpt":{"rendered":"<p>Umjetni\u010dka fotografska knjiga. Na 240 stranica sabrane su fotografije koje autorica nije birala po savr\u0161enstvu kadra, ve\u0107 po osje\u0107aju. Rije\u010d je o autenti\u010dnim trenucima uhva\u0107enima tijekom njezinih ljetnih lutanja hrvatskom obalom.<\/p>","protected":false},"featured_media":13008,"template":"","meta":{"_seopress_robots_primary_cat":"none","_seopress_titles_title":"","_seopress_titles_desc":"","_seopress_robots_index":"","iawp_total_views":2},"product_brand":[400],"product_cat":[202,150],"product_tag":[],"class_list":{"0":"post-4694","1":"product","2":"type-product","3":"status-publish","4":"has-post-thumbnail","6":"product_brand-mateja-les","7":"product_cat-knjige","8":"product_cat-knjige-i-magazini","10":"first","11":"instock","12":"taxable","13":"shipping-taxable","14":"purchasable","15":"product-type-simple"},"_links":{"self":[{"href":"https:\/\/limunstudio.hr\/en\/wp-json\/wp\/v2\/product\/4694","targetHints":{"allow":["GET"]}}],"collection":[{"href":"https:\/\/limunstudio.hr\/en\/wp-json\/wp\/v2\/product"}],"about":[{"href":"https:\/\/limunstudio.hr\/en\/wp-json\/wp\/v2\/types\/product"}],"version-history":[{"count":4,"href":"https:\/\/limunstudio.hr\/en\/wp-json\/wp\/v2\/product\/4694\/revisions"}],"predecessor-version":[{"id":14828,"href":"https:\/\/limunstudio.hr\/en\/wp-json\/wp\/v2\/product\/4694\/revisions\/14828"}],"wp:featuredmedia":[{"embeddable":true,"href":"https:\/\/limunstudio.hr\/en\/wp-json\/wp\/v2\/media\/13008"}],"wp:attachment":[{"href":"https:\/\/limunstudio.hr\/en\/wp-json\/wp\/v2\/media?parent=4694"}],"wp:term":[{"taxonomy":"product_brand","embeddable":true,"href":"https:\/\/limunstudio.hr\/en\/wp-json\/wp\/v2\/product_brand?post=4694"},{"taxonomy":"product_cat","embeddable":true,"href":"https:\/\/limunstudio.hr\/en\/wp-json\/wp\/v2\/product_cat?post=4694"},{"taxonomy":"product_tag","embeddable":true,"href":"https:\/\/limunstudio.hr\/en\/wp-json\/wp\/v2\/product_tag?post=4694"}],"curies":[{"name":"wp","href":"https:\/\/api.w.org\/{rel}","templated":true}]}}