{"id":4687,"date":"2025-11-16T20:31:48","date_gmt":"2025-11-16T20:31:48","guid":{"rendered":"https:\/\/limunstudio.hr\/?post_type=product&#038;p=4687"},"modified":"2026-04-21T17:54:12","modified_gmt":"2026-04-21T17:54:12","slug":"kako-magazin","status":"publish","type":"product","link":"https:\/\/limunstudio.hr\/en\/product\/kako-magazin\/","title":{"rendered":"KAKO magazin \u2014 7. izdanje TRADICIJA"},"content":{"rendered":"<p>Sedmi broj K\u00e0ko magazina otkriva neke manje poznate tradicije s ovih podru\u010dja kao \u0161to su otmice djevojaka za udaju, vandaliziranje dvori\u0161ta obitelji kojima sti\u017ee prinova ili \u0161tovanje mitskog junaka Joea Magarca iz pitsbur\u0161kih rudnika. Donosi i neke neo\u010dekivane strane op\u0107epoznatih mjesta na\u0161e tradicije kao \u0161to su hrvatski grb, \u010dardaci ili tradicijske tetova\u017ee. Nostalgi\u010dan je, emotivan, nekad zabavan, nekad potresan, ali uvijek za\u010dudan.<\/p>","protected":false},"excerpt":{"rendered":"<p>K\u00e0ko je hrvatski nezavisni magazin bez oglasa koji se financira isklju\u010divo od prodaje tiskanog izdanja. Svaki broj donosi bezvremensku pri\u010du koja nije vezana za prethodni broj. Sadr\u017eaj magazina \u010dine kvalitetne pri\u010de o kreativnim pojedincima, \u010duvarima tradicije, kvalitetnom \u017eivljenju, za\u010dudnim mjestima i dru\u0161tvenim fenomenima. Vi\u0161e u opisu o 7.izdanju.<\/p>","protected":false},"featured_media":5627,"template":"","meta":{"_seopress_robots_primary_cat":"none","_seopress_titles_title":"","_seopress_titles_desc":"","_seopress_robots_index":"","iawp_total_views":3},"product_brand":[370],"product_cat":[150,203],"product_tag":[],"class_list":{"0":"post-4687","1":"product","2":"type-product","3":"status-publish","4":"has-post-thumbnail","6":"product_brand-kako","7":"product_cat-knjige-i-magazini","8":"product_cat-magazini","10":"first","11":"instock","12":"taxable","13":"shipping-taxable","14":"purchasable","15":"product-type-simple"},"_links":{"self":[{"href":"https:\/\/limunstudio.hr\/en\/wp-json\/wp\/v2\/product\/4687","targetHints":{"allow":["GET"]}}],"collection":[{"href":"https:\/\/limunstudio.hr\/en\/wp-json\/wp\/v2\/product"}],"about":[{"href":"https:\/\/limunstudio.hr\/en\/wp-json\/wp\/v2\/types\/product"}],"version-history":[{"count":5,"href":"https:\/\/limunstudio.hr\/en\/wp-json\/wp\/v2\/product\/4687\/revisions"}],"predecessor-version":[{"id":13765,"href":"https:\/\/limunstudio.hr\/en\/wp-json\/wp\/v2\/product\/4687\/revisions\/13765"}],"wp:featuredmedia":[{"embeddable":true,"href":"https:\/\/limunstudio.hr\/en\/wp-json\/wp\/v2\/media\/5627"}],"wp:attachment":[{"href":"https:\/\/limunstudio.hr\/en\/wp-json\/wp\/v2\/media?parent=4687"}],"wp:term":[{"taxonomy":"product_brand","embeddable":true,"href":"https:\/\/limunstudio.hr\/en\/wp-json\/wp\/v2\/product_brand?post=4687"},{"taxonomy":"product_cat","embeddable":true,"href":"https:\/\/limunstudio.hr\/en\/wp-json\/wp\/v2\/product_cat?post=4687"},{"taxonomy":"product_tag","embeddable":true,"href":"https:\/\/limunstudio.hr\/en\/wp-json\/wp\/v2\/product_tag?post=4687"}],"curies":[{"name":"wp","href":"https:\/\/api.w.org\/{rel}","templated":true}]}}