{"id":4682,"date":"2025-11-16T20:27:14","date_gmt":"2025-11-16T20:27:14","guid":{"rendered":"https:\/\/limunstudio.hr\/?post_type=product&#038;p=4682"},"modified":"2026-03-10T10:51:48","modified_gmt":"2026-03-10T10:51:48","slug":"boya-sarena-bojica","status":"publish","type":"product","link":"https:\/\/limunstudio.hr\/en\/product\/boya-sarena-bojica\/","title":{"rendered":"\u0160arena boya \u2014 SUNNY LEMON"},"content":{"rendered":"","protected":false},"excerpt":{"rendered":"<p class=\"isSelectedEnd\">Boya pastela inovativan su alat za crtanje hrvatskog dizajna, nagra\u0111en presti\u017enom nagradom za dizajn Red Dot. Njihov prepoznatljiv oblik omogu\u0107uje crtanje na vi\u0161e na\u010dina \u2013 tankim linijama, \u0161irokim potezima ili sjen\u010danjem, jednostavno okretanjem pastele na razli\u010dite strane. Zahvaljuju\u0107i posebnom ergonomskom obliku, omogu\u0107uju slobodno kretanje ruke i spontano crtanje, a pritom ne ostavljaju tragove na rukama. Puno su \u010dvr\u0161\u0107e od drugih pastela i ne pucaju ba\u0161 lako. Pastele su ekolo\u0161ke i sigurne za kori\u0161tenje, bilo da ih koriste mali umjetnici ili iskusni kreativci.<\/p>","protected":false},"featured_media":9407,"template":"","meta":{"_seopress_robots_primary_cat":"none","_seopress_titles_title":"","_seopress_titles_desc":"","_seopress_robots_index":"","iawp_total_views":0},"product_brand":[358],"product_cat":[123,119],"product_tag":[],"class_list":{"0":"post-4682","1":"product","2":"type-product","3":"status-publish","4":"has-post-thumbnail","6":"product_brand-boya","7":"product_cat-pastele","8":"product_cat-zabava","10":"first","11":"instock","12":"taxable","13":"shipping-taxable","14":"purchasable","15":"product-type-simple"},"_links":{"self":[{"href":"https:\/\/limunstudio.hr\/en\/wp-json\/wp\/v2\/product\/4682","targetHints":{"allow":["GET"]}}],"collection":[{"href":"https:\/\/limunstudio.hr\/en\/wp-json\/wp\/v2\/product"}],"about":[{"href":"https:\/\/limunstudio.hr\/en\/wp-json\/wp\/v2\/types\/product"}],"version-history":[{"count":6,"href":"https:\/\/limunstudio.hr\/en\/wp-json\/wp\/v2\/product\/4682\/revisions"}],"predecessor-version":[{"id":10075,"href":"https:\/\/limunstudio.hr\/en\/wp-json\/wp\/v2\/product\/4682\/revisions\/10075"}],"wp:featuredmedia":[{"embeddable":true,"href":"https:\/\/limunstudio.hr\/en\/wp-json\/wp\/v2\/media\/9407"}],"wp:attachment":[{"href":"https:\/\/limunstudio.hr\/en\/wp-json\/wp\/v2\/media?parent=4682"}],"wp:term":[{"taxonomy":"product_brand","embeddable":true,"href":"https:\/\/limunstudio.hr\/en\/wp-json\/wp\/v2\/product_brand?post=4682"},{"taxonomy":"product_cat","embeddable":true,"href":"https:\/\/limunstudio.hr\/en\/wp-json\/wp\/v2\/product_cat?post=4682"},{"taxonomy":"product_tag","embeddable":true,"href":"https:\/\/limunstudio.hr\/en\/wp-json\/wp\/v2\/product_tag?post=4682"}],"curies":[{"name":"wp","href":"https:\/\/api.w.org\/{rel}","templated":true}]}}