{"id":4650,"date":"2025-11-16T20:01:16","date_gmt":"2025-11-16T20:01:16","guid":{"rendered":"https:\/\/limunstudio.hr\/?post_type=product&#038;p=4650"},"modified":"2026-04-22T07:36:18","modified_gmt":"2026-04-22T07:36:18","slug":"koraljna-zdjelica","status":"publish","type":"product","link":"https:\/\/limunstudio.hr\/en\/product\/koraljna-zdjelica\/","title":{"rendered":"Velika koraljna zdjela"},"content":{"rendered":"","protected":false},"excerpt":{"rendered":"<p>Ru\u010dno ra\u0111ena koraljna zdjelica. Proizvedeno u Hrvatskoj. Zbog procesa ru\u010dne izrade mogu\u0107a su manja odstupanja u obliku, boji ili detaljima u odnosu na fotografiju.<\/p>","protected":false},"featured_media":10829,"template":"","meta":{"_seopress_robots_primary_cat":"none","_seopress_titles_title":"","_seopress_titles_desc":"","_seopress_robots_index":"","iawp_total_views":0},"product_brand":[302],"product_cat":[148,155,161],"product_tag":[],"class_list":{"0":"post-4650","1":"product","2":"type-product","3":"status-publish","4":"has-post-thumbnail","6":"product_brand-5th","7":"product_cat-dom","8":"product_cat-kuhinja","9":"product_cat-zdjele","11":"first","12":"outofstock","13":"taxable","14":"shipping-taxable","15":"purchasable","16":"product-type-variable"},"_links":{"self":[{"href":"https:\/\/limunstudio.hr\/en\/wp-json\/wp\/v2\/product\/4650","targetHints":{"allow":["GET"]}}],"collection":[{"href":"https:\/\/limunstudio.hr\/en\/wp-json\/wp\/v2\/product"}],"about":[{"href":"https:\/\/limunstudio.hr\/en\/wp-json\/wp\/v2\/types\/product"}],"version-history":[{"count":7,"href":"https:\/\/limunstudio.hr\/en\/wp-json\/wp\/v2\/product\/4650\/revisions"}],"predecessor-version":[{"id":12654,"href":"https:\/\/limunstudio.hr\/en\/wp-json\/wp\/v2\/product\/4650\/revisions\/12654"}],"wp:featuredmedia":[{"embeddable":true,"href":"https:\/\/limunstudio.hr\/en\/wp-json\/wp\/v2\/media\/10829"}],"wp:attachment":[{"href":"https:\/\/limunstudio.hr\/en\/wp-json\/wp\/v2\/media?parent=4650"}],"wp:term":[{"taxonomy":"product_brand","embeddable":true,"href":"https:\/\/limunstudio.hr\/en\/wp-json\/wp\/v2\/product_brand?post=4650"},{"taxonomy":"product_cat","embeddable":true,"href":"https:\/\/limunstudio.hr\/en\/wp-json\/wp\/v2\/product_cat?post=4650"},{"taxonomy":"product_tag","embeddable":true,"href":"https:\/\/limunstudio.hr\/en\/wp-json\/wp\/v2\/product_tag?post=4650"}],"curies":[{"name":"wp","href":"https:\/\/api.w.org\/{rel}","templated":true}]}}