{"id":4633,"date":"2025-11-16T19:00:50","date_gmt":"2025-11-16T19:00:50","guid":{"rendered":"https:\/\/limunstudio.hr\/?post_type=product&#038;p=4633"},"modified":"2026-04-11T13:39:10","modified_gmt":"2026-04-11T13:39:10","slug":"dozer-za-caj-classic","status":"publish","type":"product","link":"https:\/\/limunstudio.hr\/en\/product\/dozer-za-caj-classic\/","title":{"rendered":"Dozer za \u010daj \u2014 Gljiva"},"content":{"rendered":"","protected":false},"excerpt":{"rendered":"<p class=\"isSelectedEnd\">Cjedilo za \u010daj dolazi s malim kerami\u010dkim privjeskom veli\u010dine pribli\u017eno 2\u20133 cm. Svaki privjesak je ru\u010dni rad.<\/p>","protected":false},"featured_media":9389,"template":"","meta":{"_seopress_robots_primary_cat":"none","_seopress_titles_title":"","_seopress_titles_desc":"","_seopress_robots_index":"","iawp_total_views":0},"product_brand":[340],"product_cat":[169,148,155],"product_tag":[],"class_list":{"0":"post-4633","1":"product","2":"type-product","3":"status-publish","4":"has-post-thumbnail","6":"product_brand-editammyh","7":"product_cat-cjedila","8":"product_cat-dom","9":"product_cat-kuhinja","11":"first","12":"instock","13":"taxable","14":"shipping-taxable","15":"purchasable","16":"product-type-simple"},"_links":{"self":[{"href":"https:\/\/limunstudio.hr\/en\/wp-json\/wp\/v2\/product\/4633","targetHints":{"allow":["GET"]}}],"collection":[{"href":"https:\/\/limunstudio.hr\/en\/wp-json\/wp\/v2\/product"}],"about":[{"href":"https:\/\/limunstudio.hr\/en\/wp-json\/wp\/v2\/types\/product"}],"version-history":[{"count":4,"href":"https:\/\/limunstudio.hr\/en\/wp-json\/wp\/v2\/product\/4633\/revisions"}],"predecessor-version":[{"id":12766,"href":"https:\/\/limunstudio.hr\/en\/wp-json\/wp\/v2\/product\/4633\/revisions\/12766"}],"wp:featuredmedia":[{"embeddable":true,"href":"https:\/\/limunstudio.hr\/en\/wp-json\/wp\/v2\/media\/9389"}],"wp:attachment":[{"href":"https:\/\/limunstudio.hr\/en\/wp-json\/wp\/v2\/media?parent=4633"}],"wp:term":[{"taxonomy":"product_brand","embeddable":true,"href":"https:\/\/limunstudio.hr\/en\/wp-json\/wp\/v2\/product_brand?post=4633"},{"taxonomy":"product_cat","embeddable":true,"href":"https:\/\/limunstudio.hr\/en\/wp-json\/wp\/v2\/product_cat?post=4633"},{"taxonomy":"product_tag","embeddable":true,"href":"https:\/\/limunstudio.hr\/en\/wp-json\/wp\/v2\/product_tag?post=4633"}],"curies":[{"name":"wp","href":"https:\/\/api.w.org\/{rel}","templated":true}]}}