{"id":4626,"date":"2025-11-16T18:59:35","date_gmt":"2025-11-16T18:59:35","guid":{"rendered":"https:\/\/limunstudio.hr\/?post_type=product&#038;p=4626"},"modified":"2026-04-22T08:47:04","modified_gmt":"2026-04-22T08:47:04","slug":"zg-line-dozer-za-caj","status":"publish","type":"product","link":"https:\/\/limunstudio.hr\/en\/product\/zg-line-dozer-za-caj\/","title":{"rendered":"Dozer za \u010daj  \u2014 Zagreba\u010dki sat"},"content":{"rendered":"","protected":false},"excerpt":{"rendered":"<p class=\"isSelectedEnd\">Cjedilo za \u010daj dolazi s malim kerami\u010dkim privjeskom veli\u010dine pribli\u017eno 2\u20133 cm. Svaki privjesak je ru\u010dni rad.<\/p>","protected":false},"featured_media":11084,"template":"","meta":{"_seopress_robots_primary_cat":"none","_seopress_titles_title":"","_seopress_titles_desc":"","_seopress_robots_index":"","iawp_total_views":0},"product_brand":[340],"product_cat":[169,155],"product_tag":[],"class_list":{"0":"post-4626","1":"product","2":"type-product","3":"status-publish","4":"has-post-thumbnail","6":"product_brand-editammyh","7":"product_cat-cjedila","8":"product_cat-kuhinja","9":"pa_kolekcija-zagreb-line","11":"first","12":"onbackorder","13":"taxable","14":"shipping-taxable","15":"purchasable","16":"product-type-simple"},"_links":{"self":[{"href":"https:\/\/limunstudio.hr\/en\/wp-json\/wp\/v2\/product\/4626","targetHints":{"allow":["GET"]}}],"collection":[{"href":"https:\/\/limunstudio.hr\/en\/wp-json\/wp\/v2\/product"}],"about":[{"href":"https:\/\/limunstudio.hr\/en\/wp-json\/wp\/v2\/types\/product"}],"version-history":[{"count":8,"href":"https:\/\/limunstudio.hr\/en\/wp-json\/wp\/v2\/product\/4626\/revisions"}],"predecessor-version":[{"id":13749,"href":"https:\/\/limunstudio.hr\/en\/wp-json\/wp\/v2\/product\/4626\/revisions\/13749"}],"wp:featuredmedia":[{"embeddable":true,"href":"https:\/\/limunstudio.hr\/en\/wp-json\/wp\/v2\/media\/11084"}],"wp:attachment":[{"href":"https:\/\/limunstudio.hr\/en\/wp-json\/wp\/v2\/media?parent=4626"}],"wp:term":[{"taxonomy":"product_brand","embeddable":true,"href":"https:\/\/limunstudio.hr\/en\/wp-json\/wp\/v2\/product_brand?post=4626"},{"taxonomy":"product_cat","embeddable":true,"href":"https:\/\/limunstudio.hr\/en\/wp-json\/wp\/v2\/product_cat?post=4626"},{"taxonomy":"product_tag","embeddable":true,"href":"https:\/\/limunstudio.hr\/en\/wp-json\/wp\/v2\/product_tag?post=4626"}],"curies":[{"name":"wp","href":"https:\/\/api.w.org\/{rel}","templated":true}]}}