{"id":4611,"date":"2025-11-16T17:18:39","date_gmt":"2025-11-16T17:18:39","guid":{"rendered":"https:\/\/limunstudio.hr\/?post_type=product&#038;p=4611"},"modified":"2026-04-11T08:54:45","modified_gmt":"2026-04-11T08:54:45","slug":"biljeznica-a5-katedrala","status":"publish","type":"product","link":"https:\/\/limunstudio.hr\/en\/product\/biljeznica-a5-katedrala\/","title":{"rendered":"Bilje\u017enica A5 &#8211; Katedrala"},"content":{"rendered":"","protected":false},"excerpt":{"rendered":"<p data-start=\"52\" data-end=\"268\">A5 bilje\u017enica s to\u010dkastom mre\u017eom i mat \u0161ivanim koricama. Sadr\u017ei 30-ak stranica koje pru\u017eaju dovoljno prostora za bilje\u0161ke, ideje, planove ili skice. Ru\u010dno \u0161ivana na staroj \u0161iva\u0107oj ma\u0161ini i izra\u0111ena u Hrvatskoj, svaka bilje\u017enica nosi dozu autenti\u010dnosti i posebnosti. Dizajnirana\u00a0 posebno za Studio Limun. U samoj sredini bilje\u017enice nalazi se prekrasan linijski crte\u017e bana Jela\u010di\u0107a, spreman za bojanje.<\/p>","protected":false},"featured_media":10768,"template":"","meta":{"_seopress_robots_primary_cat":"none","_seopress_titles_title":"","_seopress_titles_desc":"","_seopress_robots_index":"","iawp_total_views":0},"product_brand":[345],"product_cat":[194,149,193],"product_tag":[],"class_list":{"0":"post-4611","1":"product","2":"type-product","3":"status-publish","4":"has-post-thumbnail","6":"product_brand-art","7":"product_cat-biljeznice","8":"product_cat-papir","9":"product_cat-papirnica","10":"pa_kolekcija-zagreb-line","12":"first","13":"instock","14":"taxable","15":"shipping-taxable","16":"purchasable","17":"product-type-simple"},"_links":{"self":[{"href":"https:\/\/limunstudio.hr\/en\/wp-json\/wp\/v2\/product\/4611","targetHints":{"allow":["GET"]}}],"collection":[{"href":"https:\/\/limunstudio.hr\/en\/wp-json\/wp\/v2\/product"}],"about":[{"href":"https:\/\/limunstudio.hr\/en\/wp-json\/wp\/v2\/types\/product"}],"version-history":[{"count":2,"href":"https:\/\/limunstudio.hr\/en\/wp-json\/wp\/v2\/product\/4611\/revisions"}],"predecessor-version":[{"id":10676,"href":"https:\/\/limunstudio.hr\/en\/wp-json\/wp\/v2\/product\/4611\/revisions\/10676"}],"wp:featuredmedia":[{"embeddable":true,"href":"https:\/\/limunstudio.hr\/en\/wp-json\/wp\/v2\/media\/10768"}],"wp:attachment":[{"href":"https:\/\/limunstudio.hr\/en\/wp-json\/wp\/v2\/media?parent=4611"}],"wp:term":[{"taxonomy":"product_brand","embeddable":true,"href":"https:\/\/limunstudio.hr\/en\/wp-json\/wp\/v2\/product_brand?post=4611"},{"taxonomy":"product_cat","embeddable":true,"href":"https:\/\/limunstudio.hr\/en\/wp-json\/wp\/v2\/product_cat?post=4611"},{"taxonomy":"product_tag","embeddable":true,"href":"https:\/\/limunstudio.hr\/en\/wp-json\/wp\/v2\/product_tag?post=4611"}],"curies":[{"name":"wp","href":"https:\/\/api.w.org\/{rel}","templated":true}]}}