{"id":4589,"date":"2025-11-16T16:57:13","date_gmt":"2025-11-16T16:57:13","guid":{"rendered":"https:\/\/limunstudio.hr\/?post_type=product&#038;p=4589"},"modified":"2026-04-08T08:16:18","modified_gmt":"2026-04-08T08:16:18","slug":"grafika-kula-i-uspinjaca","status":"publish","type":"product","link":"https:\/\/limunstudio.hr\/en\/product\/grafika-kula-i-uspinjaca\/","title":{"rendered":"Grafika \u2014 Kula Lotr\u0161\u010dak i Uspinja\u010da"},"content":{"rendered":"","protected":false},"excerpt":{"rendered":"<p>Umjetni\u010dka grafika, dimenzija 29,5cm \u00d7 29,5 cm. Idealna za urede, apartmane, dnevne boravke i suvremene interijere. Prodaje se bez okvira, \u0161to omogu\u0107uje slobodan izbor stila koji najbolje odgovara va\u0161em prostoru.<\/p>","protected":false},"featured_media":10422,"template":"","meta":{"_seopress_robots_primary_cat":"none","_seopress_titles_title":"","_seopress_titles_desc":"","_seopress_robots_index":"","iawp_total_views":1},"product_brand":[73],"product_cat":[72,57],"product_tag":[],"class_list":{"0":"post-4589","1":"product","2":"type-product","3":"status-publish","4":"has-post-thumbnail","6":"product_brand-mmyh","7":"product_cat-grafike","8":"product_cat-zidni-dekor","9":"pa_kolekcija-zagreb-line","11":"first","12":"instock","13":"taxable","14":"shipping-taxable","15":"purchasable","16":"product-type-simple"},"_links":{"self":[{"href":"https:\/\/limunstudio.hr\/en\/wp-json\/wp\/v2\/product\/4589","targetHints":{"allow":["GET"]}}],"collection":[{"href":"https:\/\/limunstudio.hr\/en\/wp-json\/wp\/v2\/product"}],"about":[{"href":"https:\/\/limunstudio.hr\/en\/wp-json\/wp\/v2\/types\/product"}],"version-history":[{"count":3,"href":"https:\/\/limunstudio.hr\/en\/wp-json\/wp\/v2\/product\/4589\/revisions"}],"predecessor-version":[{"id":10794,"href":"https:\/\/limunstudio.hr\/en\/wp-json\/wp\/v2\/product\/4589\/revisions\/10794"}],"wp:featuredmedia":[{"embeddable":true,"href":"https:\/\/limunstudio.hr\/en\/wp-json\/wp\/v2\/media\/10422"}],"wp:attachment":[{"href":"https:\/\/limunstudio.hr\/en\/wp-json\/wp\/v2\/media?parent=4589"}],"wp:term":[{"taxonomy":"product_brand","embeddable":true,"href":"https:\/\/limunstudio.hr\/en\/wp-json\/wp\/v2\/product_brand?post=4589"},{"taxonomy":"product_cat","embeddable":true,"href":"https:\/\/limunstudio.hr\/en\/wp-json\/wp\/v2\/product_cat?post=4589"},{"taxonomy":"product_tag","embeddable":true,"href":"https:\/\/limunstudio.hr\/en\/wp-json\/wp\/v2\/product_tag?post=4589"}],"curies":[{"name":"wp","href":"https:\/\/api.w.org\/{rel}","templated":true}]}}