{"id":4554,"date":"2025-11-16T16:44:33","date_gmt":"2025-11-16T16:44:33","guid":{"rendered":"https:\/\/limunstudio.hr\/?post_type=product&#038;p=4554"},"modified":"2026-04-22T08:39:31","modified_gmt":"2026-04-22T08:39:31","slug":"skulpturalna-svijeca-nova","status":"publish","type":"product","link":"https:\/\/limunstudio.hr\/en\/product\/skulpturalna-svijeca-nova\/","title":{"rendered":"Skulpturalna svije\u0107a \u2014 NOVA"},"content":{"rendered":"","protected":false},"excerpt":{"rendered":"<p>Jedinstvene skulpturalne svije\u0107e koje su istovremeno umjetni\u010dki objekt i funkcionalni izvor svjetla. Svije\u0107e su ru\u010dno izra\u0111ene koriste\u0107i 100% biljni vosak (sojin ili repi\u010din) i 100% pamu\u010dne fitilje, bez dodataka i mirisa, \u0161to ih \u010dini ekolo\u0161ki prihvatljivim i zdravim izborom. Ru\u010dno izra\u0111ena u Hrvatskoj.<\/p>\n<p><span dir=\"auto\">Vrijeme gorenja:<\/span> <span dir=\"auto\">40 sati. <\/span><span dir=\"auto\">Bez mirisa<\/span><\/p>","protected":false},"featured_media":5573,"template":"","meta":{"_seopress_robots_primary_cat":"none","_seopress_titles_title":"","_seopress_titles_desc":"","_seopress_robots_index":"","iawp_total_views":0},"product_brand":[344],"product_cat":[179,157],"product_tag":[],"class_list":{"0":"post-4554","1":"product","2":"type-product","3":"status-publish","4":"has-post-thumbnail","6":"product_brand-upcandle","7":"product_cat-skulpturalne-svijece","8":"product_cat-svijece-i-mirisi","10":"first","11":"instock","12":"featured","13":"taxable","14":"shipping-taxable","15":"purchasable","16":"product-type-simple"},"_links":{"self":[{"href":"https:\/\/limunstudio.hr\/en\/wp-json\/wp\/v2\/product\/4554","targetHints":{"allow":["GET"]}}],"collection":[{"href":"https:\/\/limunstudio.hr\/en\/wp-json\/wp\/v2\/product"}],"about":[{"href":"https:\/\/limunstudio.hr\/en\/wp-json\/wp\/v2\/types\/product"}],"version-history":[{"count":3,"href":"https:\/\/limunstudio.hr\/en\/wp-json\/wp\/v2\/product\/4554\/revisions"}],"predecessor-version":[{"id":10552,"href":"https:\/\/limunstudio.hr\/en\/wp-json\/wp\/v2\/product\/4554\/revisions\/10552"}],"wp:featuredmedia":[{"embeddable":true,"href":"https:\/\/limunstudio.hr\/en\/wp-json\/wp\/v2\/media\/5573"}],"wp:attachment":[{"href":"https:\/\/limunstudio.hr\/en\/wp-json\/wp\/v2\/media?parent=4554"}],"wp:term":[{"taxonomy":"product_brand","embeddable":true,"href":"https:\/\/limunstudio.hr\/en\/wp-json\/wp\/v2\/product_brand?post=4554"},{"taxonomy":"product_cat","embeddable":true,"href":"https:\/\/limunstudio.hr\/en\/wp-json\/wp\/v2\/product_cat?post=4554"},{"taxonomy":"product_tag","embeddable":true,"href":"https:\/\/limunstudio.hr\/en\/wp-json\/wp\/v2\/product_tag?post=4554"}],"curies":[{"name":"wp","href":"https:\/\/api.w.org\/{rel}","templated":true}]}}