{"id":4366,"date":"2025-11-16T14:14:37","date_gmt":"2025-11-16T14:14:37","guid":{"rendered":"https:\/\/limunstudio.hr\/?post_type=product&#038;p=4366"},"modified":"2026-04-30T12:09:58","modified_gmt":"2026-04-30T10:09:58","slug":"zgline-grafika-zrinjevac-i-svirac","status":"publish","type":"product","link":"https:\/\/limunstudio.hr\/en\/product\/zgline-grafika-zrinjevac-i-svirac\/","title":{"rendered":"Grafika ZGLine \u2014 Zrinjevac i svira\u010d"},"content":{"rendered":"","protected":false},"excerpt":{"rendered":"<p data-start=\"95\" data-end=\"229\">Umjetni\u010dka grafika iz na\u0161e originalne ZagrebLine kolekcije. Idealna je za urede, apartmane, dnevne boravke i suvremene interijere. Prodaje se bez okvira, \u0161to omogu\u0107uje slobodan izbor okvira koji najbolje odgovara va\u0161em prostoru. Dimenzije grafike su 29,5 \u00d7 29,5 cm, uklju\u010duju\u0107i bijeli paspartu \u0161irine 2 cm.<\/p>","protected":false},"featured_media":10406,"template":"","meta":{"_seopress_robots_primary_cat":"none","_seopress_titles_title":"","_seopress_titles_desc":"","_seopress_robots_index":"","iawp_total_views":0},"product_brand":[342],"product_cat":[72,57],"product_tag":[],"class_list":{"0":"post-4366","1":"product","2":"type-product","3":"status-publish","4":"has-post-thumbnail","6":"product_brand-limun-design","7":"product_cat-grafike","8":"product_cat-zidni-dekor","9":"pa_kolekcija-zagreb-line","11":"first","12":"instock","13":"taxable","14":"shipping-taxable","15":"purchasable","16":"product-type-simple"},"_links":{"self":[{"href":"https:\/\/limunstudio.hr\/en\/wp-json\/wp\/v2\/product\/4366","targetHints":{"allow":["GET"]}}],"collection":[{"href":"https:\/\/limunstudio.hr\/en\/wp-json\/wp\/v2\/product"}],"about":[{"href":"https:\/\/limunstudio.hr\/en\/wp-json\/wp\/v2\/types\/product"}],"version-history":[{"count":3,"href":"https:\/\/limunstudio.hr\/en\/wp-json\/wp\/v2\/product\/4366\/revisions"}],"predecessor-version":[{"id":14573,"href":"https:\/\/limunstudio.hr\/en\/wp-json\/wp\/v2\/product\/4366\/revisions\/14573"}],"wp:featuredmedia":[{"embeddable":true,"href":"https:\/\/limunstudio.hr\/en\/wp-json\/wp\/v2\/media\/10406"}],"wp:attachment":[{"href":"https:\/\/limunstudio.hr\/en\/wp-json\/wp\/v2\/media?parent=4366"}],"wp:term":[{"taxonomy":"product_brand","embeddable":true,"href":"https:\/\/limunstudio.hr\/en\/wp-json\/wp\/v2\/product_brand?post=4366"},{"taxonomy":"product_cat","embeddable":true,"href":"https:\/\/limunstudio.hr\/en\/wp-json\/wp\/v2\/product_cat?post=4366"},{"taxonomy":"product_tag","embeddable":true,"href":"https:\/\/limunstudio.hr\/en\/wp-json\/wp\/v2\/product_tag?post=4366"}],"curies":[{"name":"wp","href":"https:\/\/api.w.org\/{rel}","templated":true}]}}