{"id":4309,"date":"2025-11-16T13:32:07","date_gmt":"2025-11-16T13:32:07","guid":{"rendered":"https:\/\/limunstudio.hr\/?post_type=product&#038;p=4309"},"modified":"2026-04-09T10:13:05","modified_gmt":"2026-04-09T10:13:05","slug":"tote-bag-gljiva-maca","status":"publish","type":"product","link":"https:\/\/limunstudio.hr\/en\/product\/tote-bag-gljiva-maca\/","title":{"rendered":"Tote Bag \u2014 Gljiva i maca"},"content":{"rendered":"","protected":false},"excerpt":{"rendered":"<p data-start=\"906\" data-end=\"1284\">Gornji rub torbe je dvostruko presavijen, \u0161to daje \u010dvrst i uredan zavr\u0161etak, dok dugi ru\u010dkovi imaju oja\u010dane kri\u017ene \u0161avove za ve\u0107u stabilnost i nosivost.\u00a0 Neutralan dizajn i ekolo\u0161ki materijali \u010dine je idealnim dodatkom za tvoje svakodnevne obaveze. Mo\u017ee nositi knjige, laptop, hranu ili druge bitne stvari. Digitalni tisak.<\/p>\n<p data-start=\"1977\" data-end=\"2082\">Materijal: 80\u202f% reciklirani pamuk, 20\u202f% reciklirani poliester<\/p>","protected":false},"featured_media":11868,"template":"","meta":{"_seopress_robots_primary_cat":"none","_seopress_titles_title":"","_seopress_titles_desc":"","_seopress_robots_index":"","iawp_total_views":0},"product_brand":[342],"product_cat":[127,134],"product_tag":[],"class_list":{"0":"post-4309","1":"product","2":"type-product","3":"status-publish","4":"has-post-thumbnail","6":"product_brand-limun-design","7":"product_cat-moda","8":"product_cat-torbe","10":"first","11":"instock","12":"featured","13":"taxable","14":"shipping-taxable","15":"purchasable","16":"product-type-variable","17":"has-default-attributes"},"_links":{"self":[{"href":"https:\/\/limunstudio.hr\/en\/wp-json\/wp\/v2\/product\/4309","targetHints":{"allow":["GET"]}}],"collection":[{"href":"https:\/\/limunstudio.hr\/en\/wp-json\/wp\/v2\/product"}],"about":[{"href":"https:\/\/limunstudio.hr\/en\/wp-json\/wp\/v2\/types\/product"}],"version-history":[{"count":4,"href":"https:\/\/limunstudio.hr\/en\/wp-json\/wp\/v2\/product\/4309\/revisions"}],"predecessor-version":[{"id":10755,"href":"https:\/\/limunstudio.hr\/en\/wp-json\/wp\/v2\/product\/4309\/revisions\/10755"}],"wp:featuredmedia":[{"embeddable":true,"href":"https:\/\/limunstudio.hr\/en\/wp-json\/wp\/v2\/media\/11868"}],"wp:attachment":[{"href":"https:\/\/limunstudio.hr\/en\/wp-json\/wp\/v2\/media?parent=4309"}],"wp:term":[{"taxonomy":"product_brand","embeddable":true,"href":"https:\/\/limunstudio.hr\/en\/wp-json\/wp\/v2\/product_brand?post=4309"},{"taxonomy":"product_cat","embeddable":true,"href":"https:\/\/limunstudio.hr\/en\/wp-json\/wp\/v2\/product_cat?post=4309"},{"taxonomy":"product_tag","embeddable":true,"href":"https:\/\/limunstudio.hr\/en\/wp-json\/wp\/v2\/product_tag?post=4309"}],"curies":[{"name":"wp","href":"https:\/\/api.w.org\/{rel}","templated":true}]}}