{"id":4291,"date":"2025-11-15T14:56:51","date_gmt":"2025-11-15T14:56:51","guid":{"rendered":"https:\/\/limunstudio.hr\/?post_type=product&#038;p=4291"},"modified":"2026-04-09T10:14:10","modified_gmt":"2026-04-09T10:14:10","slug":"zadar-line-carape-zd-classic","status":"publish","type":"product","link":"https:\/\/limunstudio.hr\/en\/product\/zadar-line-carape-zd-classic\/","title":{"rendered":"\u010carape \u2014 Classic Limun"},"content":{"rendered":"","protected":false},"excerpt":{"rendered":"<p>Unisex klasi\u010dne \u010darape u dvije veli\u010dine (36\u201340 i 41\u201345), izra\u0111ene od udobne i izdr\u017eljive pamu\u010dne mje\u0161avine. Ove \u010darape donose odli\u010dan balans stila, udobnosti i kvalitete.\u00a0 Jednako dobro funkcioniraju u casual outfitu, sportskom looku ili kao modni dodatak tvojoj liniji proizvoda. Du\u017eina \u010darapa: klasi\u010dne, srednje visina Sastav materijala: 80\u202f% pamuk, 15\u202f% poliamid, 5\u202f% elastan<\/p>","protected":false},"featured_media":9462,"template":"","meta":{"_seopress_robots_primary_cat":"none","_seopress_titles_title":"","_seopress_titles_desc":"","_seopress_robots_index":"","iawp_total_views":0},"product_brand":[342],"product_cat":[249,127,128],"product_tag":[],"class_list":{"0":"post-4291","1":"product","2":"type-product","3":"status-publish","4":"has-post-thumbnail","6":"product_brand-limun-design","7":"product_cat-carape","8":"product_cat-moda","9":"product_cat-odjeca","10":"pa_kolekcija-zadar-line","12":"first","13":"instock","14":"taxable","15":"shipping-taxable","16":"purchasable","17":"product-type-variable"},"_links":{"self":[{"href":"https:\/\/limunstudio.hr\/en\/wp-json\/wp\/v2\/product\/4291","targetHints":{"allow":["GET"]}}],"collection":[{"href":"https:\/\/limunstudio.hr\/en\/wp-json\/wp\/v2\/product"}],"about":[{"href":"https:\/\/limunstudio.hr\/en\/wp-json\/wp\/v2\/types\/product"}],"version-history":[{"count":6,"href":"https:\/\/limunstudio.hr\/en\/wp-json\/wp\/v2\/product\/4291\/revisions"}],"predecessor-version":[{"id":10759,"href":"https:\/\/limunstudio.hr\/en\/wp-json\/wp\/v2\/product\/4291\/revisions\/10759"}],"wp:featuredmedia":[{"embeddable":true,"href":"https:\/\/limunstudio.hr\/en\/wp-json\/wp\/v2\/media\/9462"}],"wp:attachment":[{"href":"https:\/\/limunstudio.hr\/en\/wp-json\/wp\/v2\/media?parent=4291"}],"wp:term":[{"taxonomy":"product_brand","embeddable":true,"href":"https:\/\/limunstudio.hr\/en\/wp-json\/wp\/v2\/product_brand?post=4291"},{"taxonomy":"product_cat","embeddable":true,"href":"https:\/\/limunstudio.hr\/en\/wp-json\/wp\/v2\/product_cat?post=4291"},{"taxonomy":"product_tag","embeddable":true,"href":"https:\/\/limunstudio.hr\/en\/wp-json\/wp\/v2\/product_tag?post=4291"}],"curies":[{"name":"wp","href":"https:\/\/api.w.org\/{rel}","templated":true}]}}