{"id":4287,"date":"2025-11-15T14:40:27","date_gmt":"2025-11-15T14:40:27","guid":{"rendered":"https:\/\/limunstudio.hr\/?post_type=product&#038;p=4287"},"modified":"2026-04-09T10:14:44","modified_gmt":"2026-04-09T10:14:44","slug":"zagrebline-carape-zg-classic","status":"publish","type":"product","link":"https:\/\/limunstudio.hr\/en\/product\/zagrebline-carape-zg-classic\/","title":{"rendered":"\u010carape \u2014 Classic Gljiva"},"content":{"rendered":"","protected":false},"excerpt":{"rendered":"<p>Unisex klasi\u010dne \u010darape u dvije veli\u010dine (36\u201340 i 41\u201345), izra\u0111ene od udobne i izdr\u017eljive pamu\u010dne mje\u0161avine. Ove \u010darape donose odli\u010dan balans stila, udobnosti i kvalitete.\u00a0 Jednako dobro funkcioniraju u casual outfitu, sportskom looku ili kao modni dodatak tvojoj liniji proizvoda. Sastav materijala: 80\u202f% pamuk, 15\u202f% poliamid, 5\u202f% elastan. Du\u017eina \u010darapa: klasi\u010dne, srednje visina<\/p>","protected":false},"featured_media":9459,"template":"","meta":{"_seopress_robots_primary_cat":"none","_seopress_titles_title":"","_seopress_titles_desc":"","_seopress_robots_index":"","iawp_total_views":0},"product_brand":[342],"product_cat":[249,127,128],"product_tag":[],"class_list":{"0":"post-4287","1":"product","2":"type-product","3":"status-publish","4":"has-post-thumbnail","6":"product_brand-limun-design","7":"product_cat-carape","8":"product_cat-moda","9":"product_cat-odjeca","10":"pa_kolekcija-zagreb-line","12":"first","13":"instock","14":"taxable","15":"shipping-taxable","16":"purchasable","17":"product-type-variable"},"_links":{"self":[{"href":"https:\/\/limunstudio.hr\/en\/wp-json\/wp\/v2\/product\/4287","targetHints":{"allow":["GET"]}}],"collection":[{"href":"https:\/\/limunstudio.hr\/en\/wp-json\/wp\/v2\/product"}],"about":[{"href":"https:\/\/limunstudio.hr\/en\/wp-json\/wp\/v2\/types\/product"}],"version-history":[{"count":6,"href":"https:\/\/limunstudio.hr\/en\/wp-json\/wp\/v2\/product\/4287\/revisions"}],"predecessor-version":[{"id":10758,"href":"https:\/\/limunstudio.hr\/en\/wp-json\/wp\/v2\/product\/4287\/revisions\/10758"}],"wp:featuredmedia":[{"embeddable":true,"href":"https:\/\/limunstudio.hr\/en\/wp-json\/wp\/v2\/media\/9459"}],"wp:attachment":[{"href":"https:\/\/limunstudio.hr\/en\/wp-json\/wp\/v2\/media?parent=4287"}],"wp:term":[{"taxonomy":"product_brand","embeddable":true,"href":"https:\/\/limunstudio.hr\/en\/wp-json\/wp\/v2\/product_brand?post=4287"},{"taxonomy":"product_cat","embeddable":true,"href":"https:\/\/limunstudio.hr\/en\/wp-json\/wp\/v2\/product_cat?post=4287"},{"taxonomy":"product_tag","embeddable":true,"href":"https:\/\/limunstudio.hr\/en\/wp-json\/wp\/v2\/product_tag?post=4287"}],"curies":[{"name":"wp","href":"https:\/\/api.w.org\/{rel}","templated":true}]}}