{"id":4268,"date":"2025-11-15T14:12:58","date_gmt":"2025-11-15T14:12:58","guid":{"rendered":"https:\/\/limunstudio.hr\/?post_type=product&#038;p=4268"},"modified":"2026-04-30T12:18:54","modified_gmt":"2026-04-30T10:18:54","slug":"zadarline-tote-bag-zadar-original","status":"publish","type":"product","link":"https:\/\/limunstudio.hr\/en\/product\/zadarline-tote-bag-zadar-original\/","title":{"rendered":"Tote Bag \u2014 Zadar Original"},"content":{"rendered":"","protected":false},"excerpt":{"rendered":"<p data-start=\"906\" data-end=\"1284\">Gornji rub torbe je dvostruko presavijen, \u0161to daje \u010dvrst i uredan zavr\u0161etak, dok dugi ru\u010dkovi imaju oja\u010dane kri\u017ene \u0161avove za ve\u0107u stabilnost i nosivost.\u00a0 Neutralan dizajn i ekolo\u0161ki materijali \u010dine je idealnim dodatkom za tvoje svakodnevne obaveze. Mo\u017ee nositi knjige, laptop, hranu ili druge bitne stvari. Digitalni tisak.<\/p>\n<p data-start=\"1977\" data-end=\"2082\">Materijal: 80\u202f% reciklirani pamuk, 20\u202f% reciklirani poliester<\/p>","protected":false},"featured_media":14593,"template":"","meta":{"_seopress_robots_primary_cat":"none","_seopress_titles_title":"","_seopress_titles_desc":"","_seopress_robots_index":"","iawp_total_views":1},"product_brand":[342],"product_cat":[127,134],"product_tag":[],"class_list":{"0":"post-4268","1":"product","2":"type-product","3":"status-publish","4":"has-post-thumbnail","6":"product_brand-limun-design","7":"product_cat-moda","8":"product_cat-torbe","9":"pa_kolekcija-zadar-line","11":"first","12":"instock","13":"taxable","14":"shipping-taxable","15":"purchasable","16":"product-type-simple"},"_links":{"self":[{"href":"https:\/\/limunstudio.hr\/en\/wp-json\/wp\/v2\/product\/4268","targetHints":{"allow":["GET"]}}],"collection":[{"href":"https:\/\/limunstudio.hr\/en\/wp-json\/wp\/v2\/product"}],"about":[{"href":"https:\/\/limunstudio.hr\/en\/wp-json\/wp\/v2\/types\/product"}],"version-history":[{"count":5,"href":"https:\/\/limunstudio.hr\/en\/wp-json\/wp\/v2\/product\/4268\/revisions"}],"predecessor-version":[{"id":10753,"href":"https:\/\/limunstudio.hr\/en\/wp-json\/wp\/v2\/product\/4268\/revisions\/10753"}],"wp:featuredmedia":[{"embeddable":true,"href":"https:\/\/limunstudio.hr\/en\/wp-json\/wp\/v2\/media\/14593"}],"wp:attachment":[{"href":"https:\/\/limunstudio.hr\/en\/wp-json\/wp\/v2\/media?parent=4268"}],"wp:term":[{"taxonomy":"product_brand","embeddable":true,"href":"https:\/\/limunstudio.hr\/en\/wp-json\/wp\/v2\/product_brand?post=4268"},{"taxonomy":"product_cat","embeddable":true,"href":"https:\/\/limunstudio.hr\/en\/wp-json\/wp\/v2\/product_cat?post=4268"},{"taxonomy":"product_tag","embeddable":true,"href":"https:\/\/limunstudio.hr\/en\/wp-json\/wp\/v2\/product_tag?post=4268"}],"curies":[{"name":"wp","href":"https:\/\/api.w.org\/{rel}","templated":true}]}}