{"id":4239,"date":"2025-11-15T13:49:21","date_gmt":"2025-11-15T13:49:21","guid":{"rendered":"https:\/\/limunstudio.hr\/?post_type=product&#038;p=4239"},"modified":"2026-04-30T08:17:56","modified_gmt":"2026-04-30T06:17:56","slug":"majica-zadar-original","status":"publish","type":"product","link":"https:\/\/limunstudio.hr\/en\/product\/majica-zadar-original\/","title":{"rendered":"T-shirt \u2014 Zadar Original"},"content":{"rendered":"","protected":false},"excerpt":{"rendered":"<p>Unisex pamu\u010dna majica. Udobna, kvalitetna i idealna za svakodnevno no\u0161enje. Dizajnirana u Hrvatskoj i izra\u0111ena od visokokvalitetnog 100 % organskog pamuka, pru\u017ea meko\u0107u, prozra\u010dnost i udobnost. Kroj je medium fit, \u0161to zna\u010di da majica lijepo sjeda na tijelo bez da je preuska ili pre\u0161iroka. Digitalni tisak. Kvalitetna izrada s dvostrukim \u0161avovima.<\/p>","protected":false},"featured_media":11230,"template":"","meta":{"_seopress_robots_primary_cat":"none","_seopress_titles_title":"","_seopress_titles_desc":"","_seopress_robots_index":"","iawp_total_views":3},"product_brand":[342],"product_cat":[129,127,75,128],"product_tag":[],"class_list":{"0":"post-4239","1":"product","2":"type-product","3":"status-publish","4":"has-post-thumbnail","6":"product_brand-limun-design","7":"product_cat-majice-kratki-rukav","8":"product_cat-moda","9":"product_cat-novo","10":"product_cat-odjeca","11":"pa_kolekcija-zadar-line","13":"first","14":"instock","15":"taxable","16":"shipping-taxable","17":"purchasable","18":"product-type-variable"},"_links":{"self":[{"href":"https:\/\/limunstudio.hr\/en\/wp-json\/wp\/v2\/product\/4239","targetHints":{"allow":["GET"]}}],"collection":[{"href":"https:\/\/limunstudio.hr\/en\/wp-json\/wp\/v2\/product"}],"about":[{"href":"https:\/\/limunstudio.hr\/en\/wp-json\/wp\/v2\/types\/product"}],"version-history":[{"count":5,"href":"https:\/\/limunstudio.hr\/en\/wp-json\/wp\/v2\/product\/4239\/revisions"}],"predecessor-version":[{"id":10743,"href":"https:\/\/limunstudio.hr\/en\/wp-json\/wp\/v2\/product\/4239\/revisions\/10743"}],"wp:featuredmedia":[{"embeddable":true,"href":"https:\/\/limunstudio.hr\/en\/wp-json\/wp\/v2\/media\/11230"}],"wp:attachment":[{"href":"https:\/\/limunstudio.hr\/en\/wp-json\/wp\/v2\/media?parent=4239"}],"wp:term":[{"taxonomy":"product_brand","embeddable":true,"href":"https:\/\/limunstudio.hr\/en\/wp-json\/wp\/v2\/product_brand?post=4239"},{"taxonomy":"product_cat","embeddable":true,"href":"https:\/\/limunstudio.hr\/en\/wp-json\/wp\/v2\/product_cat?post=4239"},{"taxonomy":"product_tag","embeddable":true,"href":"https:\/\/limunstudio.hr\/en\/wp-json\/wp\/v2\/product_tag?post=4239"}],"curies":[{"name":"wp","href":"https:\/\/api.w.org\/{rel}","templated":true}]}}