{"id":3833,"date":"2025-10-24T12:05:30","date_gmt":"2025-10-24T12:05:30","guid":{"rendered":"https:\/\/limunstudio.hr\/new\/proizvod\/limun-klub-clanarina\/"},"modified":"2026-04-03T15:54:28","modified_gmt":"2026-04-03T15:54:28","slug":"limun-klub-clanarina","status":"publish","type":"product","link":"https:\/\/limunstudio.hr\/en\/product\/limun-klub-clanarina\/","title":{"rendered":"Limun Klub \u2013 \u010dlanarina"},"content":{"rendered":"<p>\u010clanarina Limun Kluba \u2014 godi\u0161nja uplata.<\/p>","protected":false},"excerpt":{"rendered":"<p>Postanite \u010dlan Limun Kluba i ostvarite ekskluzivne pogodnosti: besplatna dostava na GLS ili BoxNow paketomat, ro\u0111endanski kupon i posebne dane kupovine samo za \u010dlanove.<\/p>","protected":false},"featured_media":3108,"template":"","meta":{"_seopress_robots_primary_cat":"none","_seopress_titles_title":"","_seopress_titles_desc":"","_seopress_robots_index":"","iawp_total_views":1},"product_brand":[],"product_cat":[102],"product_tag":[],"class_list":{"0":"post-3833","1":"product","2":"type-product","3":"status-publish","4":"has-post-thumbnail","6":"product_cat-pakiranja","8":"first","9":"instock","10":"virtual","11":"taxable","12":"purchasable","13":"product-type-simple"},"_links":{"self":[{"href":"https:\/\/limunstudio.hr\/en\/wp-json\/wp\/v2\/product\/3833","targetHints":{"allow":["GET"]}}],"collection":[{"href":"https:\/\/limunstudio.hr\/en\/wp-json\/wp\/v2\/product"}],"about":[{"href":"https:\/\/limunstudio.hr\/en\/wp-json\/wp\/v2\/types\/product"}],"version-history":[{"count":4,"href":"https:\/\/limunstudio.hr\/en\/wp-json\/wp\/v2\/product\/3833\/revisions"}],"predecessor-version":[{"id":13378,"href":"https:\/\/limunstudio.hr\/en\/wp-json\/wp\/v2\/product\/3833\/revisions\/13378"}],"wp:featuredmedia":[{"embeddable":true,"href":"https:\/\/limunstudio.hr\/en\/wp-json\/wp\/v2\/media\/3108"}],"wp:attachment":[{"href":"https:\/\/limunstudio.hr\/en\/wp-json\/wp\/v2\/media?parent=3833"}],"wp:term":[{"taxonomy":"product_brand","embeddable":true,"href":"https:\/\/limunstudio.hr\/en\/wp-json\/wp\/v2\/product_brand?post=3833"},{"taxonomy":"product_cat","embeddable":true,"href":"https:\/\/limunstudio.hr\/en\/wp-json\/wp\/v2\/product_cat?post=3833"},{"taxonomy":"product_tag","embeddable":true,"href":"https:\/\/limunstudio.hr\/en\/wp-json\/wp\/v2\/product_tag?post=3833"}],"curies":[{"name":"wp","href":"https:\/\/api.w.org\/{rel}","templated":true}]}}