{"id":2475,"date":"2025-10-06T07:30:52","date_gmt":"2025-10-06T07:30:52","guid":{"rendered":"https:\/\/limunstudio.hr\/new\/proizvod\/zadar-sveti-donat\/"},"modified":"2026-04-08T08:14:38","modified_gmt":"2026-04-08T08:14:38","slug":"zadar-sveti-donat","status":"publish","type":"product","link":"https:\/\/limunstudio.hr\/en\/product\/zadar-sveti-donat\/","title":{"rendered":"Grafika \u2014 Sv. Donat Zadar"},"content":{"rendered":"","protected":false},"excerpt":{"rendered":"<p>Umjetni\u010dka grafika iz originalne zadarske kolekcije. Idealna je za urede, apartmane, dnevne boravke i suvremene interijere. Prodaje se bez okvira, \u0161to omogu\u0107uje slobodan izbor okvira koji najbolje odgovara va\u0161em prostoru.<\/p>","protected":false},"featured_media":8986,"template":"","meta":{"_seopress_robots_primary_cat":"none","_seopress_titles_title":"","_seopress_titles_desc":"","_seopress_robots_index":"","iawp_total_views":2},"product_brand":[73],"product_cat":[72,57],"product_tag":[],"class_list":{"0":"post-2475","1":"product","2":"type-product","3":"status-publish","4":"has-post-thumbnail","6":"product_brand-mmyh","7":"product_cat-grafike","8":"product_cat-zidni-dekor","9":"pa_kolekcija-zadar-line","11":"first","12":"instock","13":"purchasable","14":"product-type-simple"},"_links":{"self":[{"href":"https:\/\/limunstudio.hr\/en\/wp-json\/wp\/v2\/product\/2475","targetHints":{"allow":["GET"]}}],"collection":[{"href":"https:\/\/limunstudio.hr\/en\/wp-json\/wp\/v2\/product"}],"about":[{"href":"https:\/\/limunstudio.hr\/en\/wp-json\/wp\/v2\/types\/product"}],"version-history":[{"count":4,"href":"https:\/\/limunstudio.hr\/en\/wp-json\/wp\/v2\/product\/2475\/revisions"}],"predecessor-version":[{"id":10787,"href":"https:\/\/limunstudio.hr\/en\/wp-json\/wp\/v2\/product\/2475\/revisions\/10787"}],"wp:featuredmedia":[{"embeddable":true,"href":"https:\/\/limunstudio.hr\/en\/wp-json\/wp\/v2\/media\/8986"}],"wp:attachment":[{"href":"https:\/\/limunstudio.hr\/en\/wp-json\/wp\/v2\/media?parent=2475"}],"wp:term":[{"taxonomy":"product_brand","embeddable":true,"href":"https:\/\/limunstudio.hr\/en\/wp-json\/wp\/v2\/product_brand?post=2475"},{"taxonomy":"product_cat","embeddable":true,"href":"https:\/\/limunstudio.hr\/en\/wp-json\/wp\/v2\/product_cat?post=2475"},{"taxonomy":"product_tag","embeddable":true,"href":"https:\/\/limunstudio.hr\/en\/wp-json\/wp\/v2\/product_tag?post=2475"}],"curies":[{"name":"wp","href":"https:\/\/api.w.org\/{rel}","templated":true}]}}