{"id":2443,"date":"2025-10-06T07:30:51","date_gmt":"2025-10-06T07:30:51","guid":{"rendered":"https:\/\/limunstudio.hr\/new\/proizvod\/zadarska-macka\/"},"modified":"2026-04-08T14:51:57","modified_gmt":"2026-04-08T14:51:57","slug":"zadarska-macka","status":"publish","type":"product","link":"https:\/\/limunstudio.hr\/en\/product\/zadarska-macka\/","title":{"rendered":"Ilustracija \u2014 Zadarska ma\u010dka"},"content":{"rendered":"","protected":false},"excerpt":{"rendered":"<p data-start=\"627\" data-end=\"812\">Ova ilustracija inspirirana je ugo\u0111ajem grada Zadra. Grafi\u010dkom interpretacijom prenosi njegov mediteranski duh i atmosferu. Dostupna u dvije veli\u010dine.<\/p>","protected":false},"featured_media":9241,"template":"","meta":{"_seopress_robots_primary_cat":"none","_seopress_titles_title":"","_seopress_titles_desc":"","_seopress_robots_index":"","iawp_total_views":0},"product_brand":[310],"product_cat":[93,57],"product_tag":[],"class_list":{"0":"post-2443","1":"product","2":"type-product","3":"status-publish","4":"has-post-thumbnail","6":"product_brand-marina","7":"product_cat-ilustracije","8":"product_cat-zidni-dekor","9":"pa_kolekcija-zadar-line","11":"first","12":"instock","13":"purchasable","14":"product-type-variable"},"_links":{"self":[{"href":"https:\/\/limunstudio.hr\/en\/wp-json\/wp\/v2\/product\/2443","targetHints":{"allow":["GET"]}}],"collection":[{"href":"https:\/\/limunstudio.hr\/en\/wp-json\/wp\/v2\/product"}],"about":[{"href":"https:\/\/limunstudio.hr\/en\/wp-json\/wp\/v2\/types\/product"}],"version-history":[{"count":3,"href":"https:\/\/limunstudio.hr\/en\/wp-json\/wp\/v2\/product\/2443\/revisions"}],"predecessor-version":[{"id":10333,"href":"https:\/\/limunstudio.hr\/en\/wp-json\/wp\/v2\/product\/2443\/revisions\/10333"}],"wp:featuredmedia":[{"embeddable":true,"href":"https:\/\/limunstudio.hr\/en\/wp-json\/wp\/v2\/media\/9241"}],"wp:attachment":[{"href":"https:\/\/limunstudio.hr\/en\/wp-json\/wp\/v2\/media?parent=2443"}],"wp:term":[{"taxonomy":"product_brand","embeddable":true,"href":"https:\/\/limunstudio.hr\/en\/wp-json\/wp\/v2\/product_brand?post=2443"},{"taxonomy":"product_cat","embeddable":true,"href":"https:\/\/limunstudio.hr\/en\/wp-json\/wp\/v2\/product_cat?post=2443"},{"taxonomy":"product_tag","embeddable":true,"href":"https:\/\/limunstudio.hr\/en\/wp-json\/wp\/v2\/product_tag?post=2443"}],"curies":[{"name":"wp","href":"https:\/\/api.w.org\/{rel}","templated":true}]}}