{"id":2377,"date":"2025-10-06T07:30:50","date_gmt":"2025-10-06T07:30:50","guid":{"rendered":"https:\/\/limunstudio.hr\/new\/proizvod\/stara-sirena\/"},"modified":"2026-03-12T07:43:53","modified_gmt":"2026-03-12T07:43:53","slug":"stara-sirena","status":"publish","type":"product","link":"https:\/\/limunstudio.hr\/en\/product\/stara-sirena\/","title":{"rendered":"Ilustracija \u2014 Stara sirena"},"content":{"rendered":"","protected":false},"excerpt":{"rendered":"<p data-start=\"627\" data-end=\"812\">Ova ilustracija inspirirana je stvarnim trenucima s mora. Scena je najprije zabilje\u017eena fotografijom, a zatim grafi\u010dki oslikana kako bi zadr\u017eala autenti\u010dnu atmosferu i emociju trenutka. Izra\u0111ena u Hrvatskoj, unosi da\u0161ak mora, ljeta i mediteranske svakodnevice u svaki prostor. Dostupna u dvije veli\u010dine.<\/p>","protected":false},"featured_media":9220,"template":"","meta":{"_seopress_robots_primary_cat":"none","_seopress_titles_title":"","_seopress_titles_desc":"","_seopress_robots_index":"","iawp_total_views":1},"product_brand":[310],"product_cat":[93,57],"product_tag":[],"class_list":{"0":"post-2377","1":"product","2":"type-product","3":"status-publish","4":"has-post-thumbnail","6":"product_brand-marina","7":"product_cat-ilustracije","8":"product_cat-zidni-dekor","10":"first","11":"instock","12":"purchasable","13":"product-type-variable"},"_links":{"self":[{"href":"https:\/\/limunstudio.hr\/en\/wp-json\/wp\/v2\/product\/2377","targetHints":{"allow":["GET"]}}],"collection":[{"href":"https:\/\/limunstudio.hr\/en\/wp-json\/wp\/v2\/product"}],"about":[{"href":"https:\/\/limunstudio.hr\/en\/wp-json\/wp\/v2\/types\/product"}],"version-history":[{"count":3,"href":"https:\/\/limunstudio.hr\/en\/wp-json\/wp\/v2\/product\/2377\/revisions"}],"predecessor-version":[{"id":10308,"href":"https:\/\/limunstudio.hr\/en\/wp-json\/wp\/v2\/product\/2377\/revisions\/10308"}],"wp:featuredmedia":[{"embeddable":true,"href":"https:\/\/limunstudio.hr\/en\/wp-json\/wp\/v2\/media\/9220"}],"wp:attachment":[{"href":"https:\/\/limunstudio.hr\/en\/wp-json\/wp\/v2\/media?parent=2377"}],"wp:term":[{"taxonomy":"product_brand","embeddable":true,"href":"https:\/\/limunstudio.hr\/en\/wp-json\/wp\/v2\/product_brand?post=2377"},{"taxonomy":"product_cat","embeddable":true,"href":"https:\/\/limunstudio.hr\/en\/wp-json\/wp\/v2\/product_cat?post=2377"},{"taxonomy":"product_tag","embeddable":true,"href":"https:\/\/limunstudio.hr\/en\/wp-json\/wp\/v2\/product_tag?post=2377"}],"curies":[{"name":"wp","href":"https:\/\/api.w.org\/{rel}","templated":true}]}}