{"id":2099,"date":"2025-10-03T09:03:24","date_gmt":"2025-10-03T09:03:24","guid":{"rendered":"https:\/\/limunstudio.hr\/new\/?post_type=product&#038;p=2099"},"modified":"2026-04-29T09:54:57","modified_gmt":"2026-04-29T07:54:57","slug":"poklon-tote-bag","status":"publish","type":"product","link":"https:\/\/limunstudio.hr\/en\/product\/poklon-tote-bag\/","title":{"rendered":"Poklon tote bag"},"content":{"rendered":"<p>po setu (mo\u017ee sadr\u017eavati vi\u0161e artikala, nema omota)<\/p>","protected":false},"excerpt":{"rendered":"<p>po setu (mo\u017ee sadr\u017eavati vi\u0161e artikala, nema omota)<\/p>","protected":false},"featured_media":2100,"template":"","meta":{"_seopress_robots_primary_cat":"","_seopress_titles_title":"","_seopress_titles_desc":"","_seopress_robots_index":"","iawp_total_views":0},"product_brand":[],"product_cat":[102],"product_tag":[],"class_list":{"0":"post-2099","1":"product","2":"type-product","3":"status-publish","4":"has-post-thumbnail","6":"product_cat-pakiranja","8":"first","9":"onbackorder","10":"sold-individually","11":"taxable","12":"shipping-taxable","13":"purchasable","14":"product-type-simple"},"_links":{"self":[{"href":"https:\/\/limunstudio.hr\/en\/wp-json\/wp\/v2\/product\/2099","targetHints":{"allow":["GET"]}}],"collection":[{"href":"https:\/\/limunstudio.hr\/en\/wp-json\/wp\/v2\/product"}],"about":[{"href":"https:\/\/limunstudio.hr\/en\/wp-json\/wp\/v2\/types\/product"}],"version-history":[{"count":1,"href":"https:\/\/limunstudio.hr\/en\/wp-json\/wp\/v2\/product\/2099\/revisions"}],"predecessor-version":[{"id":2102,"href":"https:\/\/limunstudio.hr\/en\/wp-json\/wp\/v2\/product\/2099\/revisions\/2102"}],"wp:featuredmedia":[{"embeddable":true,"href":"https:\/\/limunstudio.hr\/en\/wp-json\/wp\/v2\/media\/2100"}],"wp:attachment":[{"href":"https:\/\/limunstudio.hr\/en\/wp-json\/wp\/v2\/media?parent=2099"}],"wp:term":[{"taxonomy":"product_brand","embeddable":true,"href":"https:\/\/limunstudio.hr\/en\/wp-json\/wp\/v2\/product_brand?post=2099"},{"taxonomy":"product_cat","embeddable":true,"href":"https:\/\/limunstudio.hr\/en\/wp-json\/wp\/v2\/product_cat?post=2099"},{"taxonomy":"product_tag","embeddable":true,"href":"https:\/\/limunstudio.hr\/en\/wp-json\/wp\/v2\/product_tag?post=2099"}],"curies":[{"name":"wp","href":"https:\/\/api.w.org\/{rel}","templated":true}]}}