{"id":14841,"date":"2026-05-04T15:09:19","date_gmt":"2026-05-04T13:09:19","guid":{"rendered":"https:\/\/limunstudio.hr\/?post_type=product&#038;p=14841"},"modified":"2026-05-04T15:09:44","modified_gmt":"2026-05-04T13:09:44","slug":"ilustracija-sveti-donat","status":"publish","type":"product","link":"https:\/\/limunstudio.hr\/en\/product\/ilustracija-sveti-donat\/","title":{"rendered":"Ilustracija \u2014 Sveti Donat"},"content":{"rendered":"","protected":false},"excerpt":{"rendered":"<p>Umjetni\u010dka ilustracija iz na\u0161e originalne ZadarLine kolekcije. Idealna je za urede, apartmane, dnevne boravke i suvremene interijere. Prodaje se bez okvira, \u0161to omogu\u0107uje slobodan izbor okvira koji najbolje odgovara va\u0161em prostoru. Dimenzije ilustracija dolaze u dvije veli\u010dine, uklju\u010duju\u0107i bijeli paspartu \u0161irine 1 cm.<\/p>","protected":false},"featured_media":14834,"template":"","meta":{"_seopress_robots_primary_cat":"none","_seopress_titles_title":"","_seopress_titles_desc":"","_seopress_robots_index":"","iawp_total_views":0},"product_brand":[342],"product_cat":[93,75,57],"product_tag":[],"class_list":{"0":"post-14841","1":"product","2":"type-product","3":"status-publish","4":"has-post-thumbnail","6":"product_brand-limun-design","7":"product_cat-ilustracije","8":"product_cat-novo","9":"product_cat-zidni-dekor","10":"pa_kolekcija-zadar-line","12":"first","13":"onbackorder","14":"taxable","15":"shipping-taxable","16":"purchasable","17":"product-type-variable"},"_links":{"self":[{"href":"https:\/\/limunstudio.hr\/en\/wp-json\/wp\/v2\/product\/14841","targetHints":{"allow":["GET"]}}],"collection":[{"href":"https:\/\/limunstudio.hr\/en\/wp-json\/wp\/v2\/product"}],"about":[{"href":"https:\/\/limunstudio.hr\/en\/wp-json\/wp\/v2\/types\/product"}],"version-history":[{"count":1,"href":"https:\/\/limunstudio.hr\/en\/wp-json\/wp\/v2\/product\/14841\/revisions"}],"predecessor-version":[{"id":14844,"href":"https:\/\/limunstudio.hr\/en\/wp-json\/wp\/v2\/product\/14841\/revisions\/14844"}],"wp:featuredmedia":[{"embeddable":true,"href":"https:\/\/limunstudio.hr\/en\/wp-json\/wp\/v2\/media\/14834"}],"wp:attachment":[{"href":"https:\/\/limunstudio.hr\/en\/wp-json\/wp\/v2\/media?parent=14841"}],"wp:term":[{"taxonomy":"product_brand","embeddable":true,"href":"https:\/\/limunstudio.hr\/en\/wp-json\/wp\/v2\/product_brand?post=14841"},{"taxonomy":"product_cat","embeddable":true,"href":"https:\/\/limunstudio.hr\/en\/wp-json\/wp\/v2\/product_cat?post=14841"},{"taxonomy":"product_tag","embeddable":true,"href":"https:\/\/limunstudio.hr\/en\/wp-json\/wp\/v2\/product_tag?post=14841"}],"curies":[{"name":"wp","href":"https:\/\/api.w.org\/{rel}","templated":true}]}}