{"id":14804,"date":"2026-05-01T22:01:31","date_gmt":"2026-05-01T20:01:31","guid":{"rendered":"https:\/\/limunstudio.hr\/?post_type=product&#038;p=14804"},"modified":"2026-05-01T22:02:43","modified_gmt":"2026-05-01T20:02:43","slug":"ribez-tanjur-za-povrce-13","status":"publish","type":"product","link":"https:\/\/limunstudio.hr\/en\/product\/ribez-tanjur-za-povrce-13\/","title":{"rendered":"Ribe\u017e tanjur za povr\u0107e \u2014 13"},"content":{"rendered":"","protected":false},"excerpt":{"rendered":"<p>Ribe\u017e tanjur prakti\u010dan je kuhinjski dodatak za jednostavno ribanje \u010de\u0161njaka, \u0111umbira, mu\u0161katnog ora\u0161\u010di\u0107a, tvrdog sira, korice limuna ili za\u010dina. Zahvaljuju\u0107i hrapavoj povr\u0161ini u sredini tanjura, namirnice se brzo i lako usitnjavaju, a mogu se odmah pomije\u0161ati s maslinovim uljem, limunovim sokom ili za\u010dinima te poslu\u017eiti direktno na tanjuru.<\/p>","protected":false},"featured_media":14777,"template":"","meta":{"_seopress_robots_primary_cat":"none","_seopress_titles_title":"","_seopress_titles_desc":"","_seopress_robots_index":"","iawp_total_views":0},"product_brand":[420],"product_cat":[155,170],"product_tag":[],"class_list":{"0":"post-14804","1":"product","2":"type-product","3":"status-publish","4":"has-post-thumbnail","6":"product_brand-maza","7":"product_cat-kuhinja","8":"product_cat-ribezi","10":"first","11":"instock","12":"taxable","13":"shipping-taxable","14":"purchasable","15":"product-type-simple"},"_links":{"self":[{"href":"https:\/\/limunstudio.hr\/en\/wp-json\/wp\/v2\/product\/14804","targetHints":{"allow":["GET"]}}],"collection":[{"href":"https:\/\/limunstudio.hr\/en\/wp-json\/wp\/v2\/product"}],"about":[{"href":"https:\/\/limunstudio.hr\/en\/wp-json\/wp\/v2\/types\/product"}],"version-history":[{"count":1,"href":"https:\/\/limunstudio.hr\/en\/wp-json\/wp\/v2\/product\/14804\/revisions"}],"predecessor-version":[{"id":14805,"href":"https:\/\/limunstudio.hr\/en\/wp-json\/wp\/v2\/product\/14804\/revisions\/14805"}],"wp:featuredmedia":[{"embeddable":true,"href":"https:\/\/limunstudio.hr\/en\/wp-json\/wp\/v2\/media\/14777"}],"wp:attachment":[{"href":"https:\/\/limunstudio.hr\/en\/wp-json\/wp\/v2\/media?parent=14804"}],"wp:term":[{"taxonomy":"product_brand","embeddable":true,"href":"https:\/\/limunstudio.hr\/en\/wp-json\/wp\/v2\/product_brand?post=14804"},{"taxonomy":"product_cat","embeddable":true,"href":"https:\/\/limunstudio.hr\/en\/wp-json\/wp\/v2\/product_cat?post=14804"},{"taxonomy":"product_tag","embeddable":true,"href":"https:\/\/limunstudio.hr\/en\/wp-json\/wp\/v2\/product_tag?post=14804"}],"curies":[{"name":"wp","href":"https:\/\/api.w.org\/{rel}","templated":true}]}}