{"id":14754,"date":"2026-05-01T17:11:00","date_gmt":"2026-05-01T15:11:00","guid":{"rendered":"https:\/\/limunstudio.hr\/?post_type=product&#038;p=14754"},"modified":"2026-05-01T17:12:25","modified_gmt":"2026-05-01T15:12:25","slug":"mala-koraljna-zdjela-plava-2","status":"publish","type":"product","link":"https:\/\/limunstudio.hr\/en\/product\/mala-koraljna-zdjela-plava-2\/","title":{"rendered":"Mala koraljna zdjela \u2014 Plava 2"},"content":{"rendered":"","protected":false},"excerpt":{"rendered":"<p>Ru\u010dno ra\u0111ena koraljna zdjelica. Proizvedeno u Hrvatskoj. Zbog procesa ru\u010dne izrade mogu\u0107a su manja odstupanja u obliku, boji ili detaljima u odnosu na fotografiju.<\/p>","protected":false},"featured_media":14735,"template":"","meta":{"_seopress_robots_primary_cat":"none","_seopress_titles_title":"","_seopress_titles_desc":"","_seopress_robots_index":"","iawp_total_views":0},"product_brand":[302],"product_cat":[148,155,161],"product_tag":[],"class_list":{"0":"post-14754","1":"product","2":"type-product","3":"status-publish","4":"has-post-thumbnail","6":"product_brand-5th","7":"product_cat-dom","8":"product_cat-kuhinja","9":"product_cat-zdjele","11":"first","12":"instock","13":"taxable","14":"shipping-taxable","15":"purchasable","16":"product-type-simple"},"_links":{"self":[{"href":"https:\/\/limunstudio.hr\/en\/wp-json\/wp\/v2\/product\/14754","targetHints":{"allow":["GET"]}}],"collection":[{"href":"https:\/\/limunstudio.hr\/en\/wp-json\/wp\/v2\/product"}],"about":[{"href":"https:\/\/limunstudio.hr\/en\/wp-json\/wp\/v2\/types\/product"}],"version-history":[{"count":1,"href":"https:\/\/limunstudio.hr\/en\/wp-json\/wp\/v2\/product\/14754\/revisions"}],"predecessor-version":[{"id":14757,"href":"https:\/\/limunstudio.hr\/en\/wp-json\/wp\/v2\/product\/14754\/revisions\/14757"}],"wp:featuredmedia":[{"embeddable":true,"href":"https:\/\/limunstudio.hr\/en\/wp-json\/wp\/v2\/media\/14735"}],"wp:attachment":[{"href":"https:\/\/limunstudio.hr\/en\/wp-json\/wp\/v2\/media?parent=14754"}],"wp:term":[{"taxonomy":"product_brand","embeddable":true,"href":"https:\/\/limunstudio.hr\/en\/wp-json\/wp\/v2\/product_brand?post=14754"},{"taxonomy":"product_cat","embeddable":true,"href":"https:\/\/limunstudio.hr\/en\/wp-json\/wp\/v2\/product_cat?post=14754"},{"taxonomy":"product_tag","embeddable":true,"href":"https:\/\/limunstudio.hr\/en\/wp-json\/wp\/v2\/product_tag?post=14754"}],"curies":[{"name":"wp","href":"https:\/\/api.w.org\/{rel}","templated":true}]}}