{"id":14742,"date":"2026-05-01T16:58:55","date_gmt":"2026-05-01T14:58:55","guid":{"rendered":"https:\/\/limunstudio.hr\/?post_type=product&#038;p=14742"},"modified":"2026-05-01T16:59:19","modified_gmt":"2026-05-01T14:59:19","slug":"vazica-iko-2","status":"publish","type":"product","link":"https:\/\/limunstudio.hr\/en\/product\/vazica-iko-2\/","title":{"rendered":"Vazica \u2014 IKO 2"},"content":{"rendered":"","protected":false},"excerpt":{"rendered":"<p>Ru\u010dno ra\u0111ena kerami\u010dka vaza. Proizvedeno u Hrvatskoj.<\/p>","protected":false},"featured_media":14740,"template":"","meta":{"_seopress_robots_primary_cat":"none","_seopress_titles_title":"","_seopress_titles_desc":"","_seopress_robots_index":"","iawp_total_views":1},"product_brand":[302],"product_cat":[156,148,172],"product_tag":[],"class_list":{"0":"post-14742","1":"product","2":"type-product","3":"status-publish","4":"has-post-thumbnail","6":"product_brand-5th","7":"product_cat-dekori-za-dom","8":"product_cat-dom","9":"product_cat-vaze","11":"first","12":"instock","13":"taxable","14":"shipping-taxable","15":"purchasable","16":"product-type-simple"},"_links":{"self":[{"href":"https:\/\/limunstudio.hr\/en\/wp-json\/wp\/v2\/product\/14742","targetHints":{"allow":["GET"]}}],"collection":[{"href":"https:\/\/limunstudio.hr\/en\/wp-json\/wp\/v2\/product"}],"about":[{"href":"https:\/\/limunstudio.hr\/en\/wp-json\/wp\/v2\/types\/product"}],"version-history":[{"count":1,"href":"https:\/\/limunstudio.hr\/en\/wp-json\/wp\/v2\/product\/14742\/revisions"}],"predecessor-version":[{"id":14743,"href":"https:\/\/limunstudio.hr\/en\/wp-json\/wp\/v2\/product\/14742\/revisions\/14743"}],"wp:featuredmedia":[{"embeddable":true,"href":"https:\/\/limunstudio.hr\/en\/wp-json\/wp\/v2\/media\/14740"}],"wp:attachment":[{"href":"https:\/\/limunstudio.hr\/en\/wp-json\/wp\/v2\/media?parent=14742"}],"wp:term":[{"taxonomy":"product_brand","embeddable":true,"href":"https:\/\/limunstudio.hr\/en\/wp-json\/wp\/v2\/product_brand?post=14742"},{"taxonomy":"product_cat","embeddable":true,"href":"https:\/\/limunstudio.hr\/en\/wp-json\/wp\/v2\/product_cat?post=14742"},{"taxonomy":"product_tag","embeddable":true,"href":"https:\/\/limunstudio.hr\/en\/wp-json\/wp\/v2\/product_tag?post=14742"}],"curies":[{"name":"wp","href":"https:\/\/api.w.org\/{rel}","templated":true}]}}