{"id":14709,"date":"2026-05-01T14:36:02","date_gmt":"2026-05-01T12:36:02","guid":{"rendered":"https:\/\/limunstudio.hr\/?post_type=product&#038;p=14709"},"modified":"2026-05-01T14:37:03","modified_gmt":"2026-05-01T12:37:03","slug":"porculanska-salica-espresso-limun-2","status":"publish","type":"product","link":"https:\/\/limunstudio.hr\/en\/product\/porculanska-salica-espresso-limun-2\/","title":{"rendered":"Porculanska \u0161alica espresso \u2014 LIMUN 2"},"content":{"rendered":"","protected":false},"excerpt":{"rendered":"<p>Ru\u010dno ra\u0111ena porculanska \u0161alica. Svaka \u0161alica je unikatan komad, puno laganija i tanja od keramike, ali i \u010dvr\u0161\u0107a zbog pe\u010denja na visokim temperaturama. Ne mo\u017ee se okhrnuti. Mo\u017ee se normalno koristiti i prati u perilici. Proizvedeno u Hrvatskoj.<br \/>\n<strong>Napomena:<\/strong> Zbog ru\u010dne izrade mogu\u0107e su manje razlike u detaljima.<\/p>","protected":false},"featured_media":14636,"template":"","meta":{"_seopress_robots_primary_cat":"none","_seopress_titles_title":"","_seopress_titles_desc":"","_seopress_robots_index":"","iawp_total_views":0},"product_brand":[300],"product_cat":[148,287,155,159],"product_tag":[],"class_list":{"0":"post-14709","1":"product","2":"type-product","3":"status-publish","4":"has-post-thumbnail","6":"product_brand-bura","7":"product_cat-dom","8":"product_cat-espresso","9":"product_cat-kuhinja","10":"product_cat-salice","12":"first","13":"instock","14":"taxable","15":"shipping-taxable","16":"purchasable","17":"product-type-simple"},"_links":{"self":[{"href":"https:\/\/limunstudio.hr\/en\/wp-json\/wp\/v2\/product\/14709","targetHints":{"allow":["GET"]}}],"collection":[{"href":"https:\/\/limunstudio.hr\/en\/wp-json\/wp\/v2\/product"}],"about":[{"href":"https:\/\/limunstudio.hr\/en\/wp-json\/wp\/v2\/types\/product"}],"version-history":[{"count":1,"href":"https:\/\/limunstudio.hr\/en\/wp-json\/wp\/v2\/product\/14709\/revisions"}],"predecessor-version":[{"id":14710,"href":"https:\/\/limunstudio.hr\/en\/wp-json\/wp\/v2\/product\/14709\/revisions\/14710"}],"wp:featuredmedia":[{"embeddable":true,"href":"https:\/\/limunstudio.hr\/en\/wp-json\/wp\/v2\/media\/14636"}],"wp:attachment":[{"href":"https:\/\/limunstudio.hr\/en\/wp-json\/wp\/v2\/media?parent=14709"}],"wp:term":[{"taxonomy":"product_brand","embeddable":true,"href":"https:\/\/limunstudio.hr\/en\/wp-json\/wp\/v2\/product_brand?post=14709"},{"taxonomy":"product_cat","embeddable":true,"href":"https:\/\/limunstudio.hr\/en\/wp-json\/wp\/v2\/product_cat?post=14709"},{"taxonomy":"product_tag","embeddable":true,"href":"https:\/\/limunstudio.hr\/en\/wp-json\/wp\/v2\/product_tag?post=14709"}],"curies":[{"name":"wp","href":"https:\/\/api.w.org\/{rel}","templated":true}]}}