{"id":14702,"date":"2026-05-01T14:20:17","date_gmt":"2026-05-01T12:20:17","guid":{"rendered":"https:\/\/limunstudio.hr\/?post_type=product&#038;p=14702"},"modified":"2026-05-01T16:59:44","modified_gmt":"2026-05-01T14:59:44","slug":"vazica-iko","status":"publish","type":"product","link":"https:\/\/limunstudio.hr\/en\/product\/vazica-iko\/","title":{"rendered":"Vazica \u2014 IKO"},"content":{"rendered":"","protected":false},"excerpt":{"rendered":"<p>Ru\u010dno ra\u0111ena kerami\u010dka vaza. Proizvedeno u Hrvatskoj.<\/p>","protected":false},"featured_media":14738,"template":"","meta":{"_seopress_robots_primary_cat":"none","_seopress_titles_title":"","_seopress_titles_desc":"","_seopress_robots_index":"","iawp_total_views":0},"product_brand":[302],"product_cat":[156,148,172],"product_tag":[],"class_list":{"0":"post-14702","1":"product","2":"type-product","3":"status-publish","4":"has-post-thumbnail","6":"product_brand-5th","7":"product_cat-dekori-za-dom","8":"product_cat-dom","9":"product_cat-vaze","11":"first","12":"instock","13":"taxable","14":"shipping-taxable","15":"purchasable","16":"product-type-simple"},"_links":{"self":[{"href":"https:\/\/limunstudio.hr\/en\/wp-json\/wp\/v2\/product\/14702","targetHints":{"allow":["GET"]}}],"collection":[{"href":"https:\/\/limunstudio.hr\/en\/wp-json\/wp\/v2\/product"}],"about":[{"href":"https:\/\/limunstudio.hr\/en\/wp-json\/wp\/v2\/types\/product"}],"version-history":[{"count":1,"href":"https:\/\/limunstudio.hr\/en\/wp-json\/wp\/v2\/product\/14702\/revisions"}],"predecessor-version":[{"id":14708,"href":"https:\/\/limunstudio.hr\/en\/wp-json\/wp\/v2\/product\/14702\/revisions\/14708"}],"wp:featuredmedia":[{"embeddable":true,"href":"https:\/\/limunstudio.hr\/en\/wp-json\/wp\/v2\/media\/14738"}],"wp:attachment":[{"href":"https:\/\/limunstudio.hr\/en\/wp-json\/wp\/v2\/media?parent=14702"}],"wp:term":[{"taxonomy":"product_brand","embeddable":true,"href":"https:\/\/limunstudio.hr\/en\/wp-json\/wp\/v2\/product_brand?post=14702"},{"taxonomy":"product_cat","embeddable":true,"href":"https:\/\/limunstudio.hr\/en\/wp-json\/wp\/v2\/product_cat?post=14702"},{"taxonomy":"product_tag","embeddable":true,"href":"https:\/\/limunstudio.hr\/en\/wp-json\/wp\/v2\/product_tag?post=14702"}],"curies":[{"name":"wp","href":"https:\/\/api.w.org\/{rel}","templated":true}]}}