{"id":14627,"date":"2026-05-01T11:01:32","date_gmt":"2026-05-01T09:01:32","guid":{"rendered":"https:\/\/limunstudio.hr\/?post_type=product&#038;p=14627"},"modified":"2026-05-01T11:05:45","modified_gmt":"2026-05-01T09:05:45","slug":"ludo-cro-covjece-ne-ljuti-se","status":"publish","type":"product","link":"https:\/\/limunstudio.hr\/en\/product\/ludo-cro-covjece-ne-ljuti-se\/","title":{"rendered":"Ludo Cro \u2014 \u010covje\u010de ne ljuti se"},"content":{"rendered":"","protected":false},"excerpt":{"rendered":"<p>\u010covje\u010de ne ljuti se s reljefom Hrvatske koja se sastavlja od 9 puzzli. Sadr\u017ei plo\u010du za igranje, set figurica s kockom i pravila za igru. Proizvedeno u Hrvatskoj.<\/p>","protected":false},"featured_media":14628,"template":"","meta":{"_seopress_robots_primary_cat":"none","_seopress_titles_title":"","_seopress_titles_desc":"","_seopress_robots_index":"","iawp_total_views":0},"product_brand":[],"product_cat":[124,119],"product_tag":[],"class_list":{"0":"post-14627","1":"product","2":"type-product","3":"status-publish","4":"has-post-thumbnail","6":"product_cat-drustvene-igre","7":"product_cat-zabava","9":"first","10":"instock","11":"taxable","12":"shipping-taxable","13":"purchasable","14":"product-type-simple"},"_links":{"self":[{"href":"https:\/\/limunstudio.hr\/en\/wp-json\/wp\/v2\/product\/14627","targetHints":{"allow":["GET"]}}],"collection":[{"href":"https:\/\/limunstudio.hr\/en\/wp-json\/wp\/v2\/product"}],"about":[{"href":"https:\/\/limunstudio.hr\/en\/wp-json\/wp\/v2\/types\/product"}],"version-history":[{"count":1,"href":"https:\/\/limunstudio.hr\/en\/wp-json\/wp\/v2\/product\/14627\/revisions"}],"predecessor-version":[{"id":14629,"href":"https:\/\/limunstudio.hr\/en\/wp-json\/wp\/v2\/product\/14627\/revisions\/14629"}],"wp:featuredmedia":[{"embeddable":true,"href":"https:\/\/limunstudio.hr\/en\/wp-json\/wp\/v2\/media\/14628"}],"wp:attachment":[{"href":"https:\/\/limunstudio.hr\/en\/wp-json\/wp\/v2\/media?parent=14627"}],"wp:term":[{"taxonomy":"product_brand","embeddable":true,"href":"https:\/\/limunstudio.hr\/en\/wp-json\/wp\/v2\/product_brand?post=14627"},{"taxonomy":"product_cat","embeddable":true,"href":"https:\/\/limunstudio.hr\/en\/wp-json\/wp\/v2\/product_cat?post=14627"},{"taxonomy":"product_tag","embeddable":true,"href":"https:\/\/limunstudio.hr\/en\/wp-json\/wp\/v2\/product_tag?post=14627"}],"curies":[{"name":"wp","href":"https:\/\/api.w.org\/{rel}","templated":true}]}}