{"id":14288,"date":"2026-04-24T16:05:34","date_gmt":"2026-04-24T14:05:34","guid":{"rendered":"https:\/\/limunstudio.hr\/?post_type=product&#038;p=14288"},"modified":"2026-04-24T16:24:48","modified_gmt":"2026-04-24T14:24:48","slug":"posuda-za-sol-siva","status":"publish","type":"product","link":"https:\/\/limunstudio.hr\/en\/product\/posuda-za-sol-siva\/","title":{"rendered":"Posuda za sol \u2014 Siva"},"content":{"rendered":"","protected":false},"excerpt":{"rendered":"<p>Ru\u010dno izra\u0111ena kerami\u010dka posuda prikladna za sol i dostupna u vi\u0161e boja. Promjer posude iznosi 9 cm, dubina 12cm. \u017dli\u010dica se prodaje posebno.<\/p>","protected":false},"featured_media":12994,"template":"","meta":{"_seopress_robots_primary_cat":"none","_seopress_titles_title":"","_seopress_titles_desc":"","_seopress_robots_index":"","iawp_total_views":0},"product_brand":[288],"product_cat":[148,155,165],"product_tag":[],"class_list":{"0":"post-14288","1":"product","2":"type-product","3":"status-publish","4":"has-post-thumbnail","6":"product_brand-lila","7":"product_cat-dom","8":"product_cat-kuhinja","9":"product_cat-posude-za-sol","11":"first","12":"instock","13":"taxable","14":"shipping-taxable","15":"purchasable","16":"product-type-simple"},"_links":{"self":[{"href":"https:\/\/limunstudio.hr\/en\/wp-json\/wp\/v2\/product\/14288","targetHints":{"allow":["GET"]}}],"collection":[{"href":"https:\/\/limunstudio.hr\/en\/wp-json\/wp\/v2\/product"}],"about":[{"href":"https:\/\/limunstudio.hr\/en\/wp-json\/wp\/v2\/types\/product"}],"version-history":[{"count":1,"href":"https:\/\/limunstudio.hr\/en\/wp-json\/wp\/v2\/product\/14288\/revisions"}],"predecessor-version":[{"id":14289,"href":"https:\/\/limunstudio.hr\/en\/wp-json\/wp\/v2\/product\/14288\/revisions\/14289"}],"wp:featuredmedia":[{"embeddable":true,"href":"https:\/\/limunstudio.hr\/en\/wp-json\/wp\/v2\/media\/12994"}],"wp:attachment":[{"href":"https:\/\/limunstudio.hr\/en\/wp-json\/wp\/v2\/media?parent=14288"}],"wp:term":[{"taxonomy":"product_brand","embeddable":true,"href":"https:\/\/limunstudio.hr\/en\/wp-json\/wp\/v2\/product_brand?post=14288"},{"taxonomy":"product_cat","embeddable":true,"href":"https:\/\/limunstudio.hr\/en\/wp-json\/wp\/v2\/product_cat?post=14288"},{"taxonomy":"product_tag","embeddable":true,"href":"https:\/\/limunstudio.hr\/en\/wp-json\/wp\/v2\/product_tag?post=14288"}],"curies":[{"name":"wp","href":"https:\/\/api.w.org\/{rel}","templated":true}]}}